{"id":478,"date":"2018-01-22T12:43:07","date_gmt":"2018-01-22T12:43:07","guid":{"rendered":"http:\/\/www.svecorp.com\/?page_id=478"},"modified":"2022-04-20T10:40:15","modified_gmt":"2022-04-20T10:40:15","slug":"privacidad","status":"publish","type":"page","link":"https:\/\/www.svecorp.com\/es\/privacidad\/","title":{"rendered":"Privacidad"},"content":{"rendered":"<p>En SVE\u00a0 somos conscientes del valor que tiene para usted su privacidad. Por ello, s\u00f3lo requerimos alg\u00fan dato personal \u2014como su nombre, su tel\u00e9fono o su e-mail\u2014 cuando es estrictamente necesario para facilitarle la informaci\u00f3n, productos o servicios que nos solicita o para ponernos en contacto con usted. En tal caso, le comunicaremos que vamos a guardar esos datos y la finalidad de esa recogida antes de que nos los env\u00ede.<\/p>\n<p>Los datos personales que nos proporcione podr\u00e1n ser almacenados en uno o varios ficheros que nos permitir\u00e1n un tratamiento automatizado de los mismos y, por tanto, una mayor agilidad a la hora de prestarle nuestros servicios. En funci\u00f3n del tipo de datos que contienen, los ficheros est\u00e1n registrados con su nivel de protecci\u00f3n correspondiente en la Agencia de Protecci\u00f3n de Datos.<\/p>\n<p>Si nos ha proporcionado datos personales en alg\u00fan momento, puede ejercer cuando desee los derechos de oposici\u00f3n, acceso, rectificaci\u00f3n y cancelaci\u00f3n previstos en la Ley de Protecci\u00f3n de Datos, escribi\u00e9ndonos un e-mail o una carta a<\/p>\n<p><strong>SVE Corp.<\/strong><br \/>\n<strong>Albert Einstein 36-B,<\/strong><br \/>\n<strong>Parque Tecnol\u00f3gico de Alava<\/strong><br \/>\n<strong>01510 Vitoria-Gasteiz<\/strong><br \/>\n<strong>Espa\u00f1a \/ Spain<\/strong><\/p>\n<p><strong>svecorp@svecorp.com<\/strong><\/p>\n<h2>Cesi\u00f3n de datos a otras empresas<\/h2>\n<p>Si para proporcionarle la informaci\u00f3n, productos o servicios que nos requiera tuvi\u00e9ramos que recurrir a otras empresas (Correos o una empresa de mensajer\u00eda o transportes, por ejemplo), s\u00f3lo se les proporcionar\u00e1 la informaci\u00f3n estrictamente imprescindible para que realicen su cometido y se les proh\u00edbe utilizar esa informaci\u00f3n con ninguna otra finalidad.<\/p>\n<h2>Identificaci\u00f3n del ordenador. Cookies.<\/h2>\n<p>Para que el sitio web funcione \u00f3ptimamente, a veces es necesario obtener diversa informaci\u00f3n del ordenador que accede a ella o identificarlo. Por ejemplo, para poder contabilizar las visitas que recibe el sitio, para saber qu\u00e9 tipo de navegador utiliza cada persona que accede o para evitar que tenga que seleccionar el idioma en el que desea que se le muestre la web cada vez que accede a ella. En ning\u00fan caso esa identificaci\u00f3n nos proporciona informaci\u00f3n personal sobre usted o nos permite conocer el contenido de su ordenador.<\/p>\n<p>Para la identificaci\u00f3n mencionada, habitualmente se utilizan unos ficheros de texto llamados \u00abcookies\u00bb que se almacenan temporalmente en su ordenador. Son absolutamente inocuos y tienen un tama\u00f1o muy peque\u00f1o. El sitio web consulta las \u00abcookies\u00bb autom\u00e1ticamente cuando usted accede a \u00e9l, y gracias a ello puede mostrarte el contenido en el idioma que seleccion\u00f3 anteriormente, ofrecerle contenidos espec\u00edficos en funci\u00f3n de elecciones anteriores, permitirle el acceso a zonas reservadas o almacenar los productos que ha seleccionado en caso de que exista un sistema de compra con \u00abcarrito\u00bb o \u00abcesta\u00bb, entre otras muchas funciones posibles. Puede configurar su navegador de Internet para que no acepte cookies, pero en ese caso es posible que no pueda utilizar todas las funcionalidades que le ofrece este sitio web.<\/p>\n<h2>Actualizaci\u00f3n de esta declaraci\u00f3n<\/h2>\n<p>Es posible que en alg\u00fan momento tengamos que realizar cambios en nuestra pol\u00edtica de privacidad para adaptarla a las leyes vigentes en cada momento. Por ello, le recomendamos que acceda a esta p\u00e1gina y a las Condiciones de Uso cada vez que acceda al sitio web de SVE S.L.<\/p>\n","protected":false},"excerpt":{"rendered":"<p>En SVE\u00a0 somos conscientes del valor que tiene para usted su privacidad. Por ello, s\u00f3lo requerimos alg\u00fan dato personal \u2014como su nombre, su tel\u00e9fono o [&hellip;]<\/p>\n","protected":false},"author":1,"featured_media":0,"parent":0,"menu_order":0,"comment_status":"closed","ping_status":"closed","template":"","meta":{"_acf_changed":false,"footnotes":""},"class_list":["post-478","page","type-page","status-publish","hentry"],"acf":[],"yoast_head":"<!-- This site is optimized with the Yoast SEO plugin v26.7 - https:\/\/yoast.com\/wordpress\/plugins\/seo\/ -->\n<title>Privacidad - SVE<\/title>\n<meta name=\"description\" content=\"En SVE somos conscientes del valor que tiene para usted su privacidad. Puede ejercer los derechos de oposici\u00f3n, acceso, rectificaci\u00f3n y cancelaci\u00f3n.\" \/>\n<meta name=\"robots\" content=\"index, follow, max-snippet:-1, max-image-preview:large, max-video-preview:-1\" \/>\n<link rel=\"canonical\" href=\"https:\/\/www.svecorp.com\/es\/privacidad\/\" \/>\n<meta property=\"og:locale\" content=\"es_ES\" \/>\n<meta property=\"og:type\" content=\"article\" \/>\n<meta property=\"og:title\" content=\"Privacidad - SVE\" \/>\n<meta property=\"og:description\" content=\"En SVE somos conscientes del valor que tiene para usted su privacidad. Puede ejercer los derechos de oposici\u00f3n, acceso, rectificaci\u00f3n y cancelaci\u00f3n.\" \/>\n<meta property=\"og:url\" content=\"https:\/\/www.svecorp.com\/es\/privacidad\/\" \/>\n<meta property=\"og:site_name\" content=\"SVE\" \/>\n<meta property=\"article:modified_time\" content=\"2022-04-20T10:40:15+00:00\" \/>\n<meta property=\"og:image\" content=\"https:\/\/www.svecorp.com\/wp-content\/uploads\/2023\/12\/minano.jpg\" \/>\n\t<meta property=\"og:image:width\" content=\"500\" \/>\n\t<meta property=\"og:image:height\" content=\"500\" \/>\n\t<meta property=\"og:image:type\" content=\"image\/jpeg\" \/>\n<meta name=\"twitter:card\" content=\"summary_large_image\" \/>\n<meta name=\"twitter:label1\" content=\"Tiempo de lectura\" \/>\n\t<meta name=\"twitter:data1\" content=\"3 minutos\" \/>\n<script type=\"application\/ld+json\" class=\"yoast-schema-graph\">{\"@context\":\"https:\/\/schema.org\",\"@graph\":[{\"@type\":\"WebPage\",\"@id\":\"https:\/\/www.svecorp.com\/es\/privacidad\/\",\"url\":\"https:\/\/www.svecorp.com\/es\/privacidad\/\",\"name\":\"Privacidad - SVE\",\"isPartOf\":{\"@id\":\"https:\/\/www.svecorp.com\/es\/#website\"},\"datePublished\":\"2018-01-22T12:43:07+00:00\",\"dateModified\":\"2022-04-20T10:40:15+00:00\",\"description\":\"En SVE somos conscientes del valor que tiene para usted su privacidad. Puede ejercer los derechos de oposici\u00f3n, acceso, rectificaci\u00f3n y cancelaci\u00f3n.\",\"breadcrumb\":{\"@id\":\"https:\/\/www.svecorp.com\/es\/privacidad\/#breadcrumb\"},\"inLanguage\":\"es\",\"potentialAction\":[{\"@type\":\"ReadAction\",\"target\":[\"https:\/\/www.svecorp.com\/es\/privacidad\/\"]}]},{\"@type\":\"BreadcrumbList\",\"@id\":\"https:\/\/www.svecorp.com\/es\/privacidad\/#breadcrumb\",\"itemListElement\":[{\"@type\":\"ListItem\",\"position\":1,\"name\":\"Portada\",\"item\":\"https:\/\/www.svecorp.com\/es\/\"},{\"@type\":\"ListItem\",\"position\":2,\"name\":\"Privacidad\"}]},{\"@type\":\"WebSite\",\"@id\":\"https:\/\/www.svecorp.com\/es\/#website\",\"url\":\"https:\/\/www.svecorp.com\/es\/\",\"name\":\"SVE\",\"description\":\"Safely improving control\",\"publisher\":{\"@id\":\"https:\/\/www.svecorp.com\/es\/#organization\"},\"potentialAction\":[{\"@type\":\"SearchAction\",\"target\":{\"@type\":\"EntryPoint\",\"urlTemplate\":\"https:\/\/www.svecorp.com\/es\/?s={search_term_string}\"},\"query-input\":{\"@type\":\"PropertyValueSpecification\",\"valueRequired\":true,\"valueName\":\"search_term_string\"}}],\"inLanguage\":\"es\"},{\"@type\":\"Organization\",\"@id\":\"https:\/\/www.svecorp.com\/es\/#organization\",\"name\":\"SVE Corp.\",\"url\":\"https:\/\/www.svecorp.com\/es\/\",\"logo\":{\"@type\":\"ImageObject\",\"inLanguage\":\"es\",\"@id\":\"https:\/\/www.svecorp.com\/es\/#\/schema\/logo\/image\/\",\"url\":\"https:\/\/www.svecorp.com\/wp-content\/uploads\/2023\/02\/logo-sve.png\",\"contentUrl\":\"https:\/\/www.svecorp.com\/wp-content\/uploads\/2023\/02\/logo-sve.png\",\"width\":150,\"height\":100,\"caption\":\"SVE Corp.\"},\"image\":{\"@id\":\"https:\/\/www.svecorp.com\/es\/#\/schema\/logo\/image\/\"}}]}<\/script>\n<!-- \/ Yoast SEO plugin. -->","yoast_head_json":{"title":"Privacidad - SVE","description":"En SVE somos conscientes del valor que tiene para usted su privacidad. Puede ejercer los derechos de oposici\u00f3n, acceso, rectificaci\u00f3n y cancelaci\u00f3n.","robots":{"index":"index","follow":"follow","max-snippet":"max-snippet:-1","max-image-preview":"max-image-preview:large","max-video-preview":"max-video-preview:-1"},"canonical":"https:\/\/www.svecorp.com\/es\/privacidad\/","og_locale":"es_ES","og_type":"article","og_title":"Privacidad - SVE","og_description":"En SVE somos conscientes del valor que tiene para usted su privacidad. Puede ejercer los derechos de oposici\u00f3n, acceso, rectificaci\u00f3n y cancelaci\u00f3n.","og_url":"https:\/\/www.svecorp.com\/es\/privacidad\/","og_site_name":"SVE","article_modified_time":"2022-04-20T10:40:15+00:00","og_image":[{"width":500,"height":500,"url":"https:\/\/www.svecorp.com\/wp-content\/uploads\/2023\/12\/minano.jpg","type":"image\/jpeg"}],"twitter_card":"summary_large_image","twitter_misc":{"Tiempo de lectura":"3 minutos"},"schema":{"@context":"https:\/\/schema.org","@graph":[{"@type":"WebPage","@id":"https:\/\/www.svecorp.com\/es\/privacidad\/","url":"https:\/\/www.svecorp.com\/es\/privacidad\/","name":"Privacidad - SVE","isPartOf":{"@id":"https:\/\/www.svecorp.com\/es\/#website"},"datePublished":"2018-01-22T12:43:07+00:00","dateModified":"2022-04-20T10:40:15+00:00","description":"En SVE somos conscientes del valor que tiene para usted su privacidad. Puede ejercer los derechos de oposici\u00f3n, acceso, rectificaci\u00f3n y cancelaci\u00f3n.","breadcrumb":{"@id":"https:\/\/www.svecorp.com\/es\/privacidad\/#breadcrumb"},"inLanguage":"es","potentialAction":[{"@type":"ReadAction","target":["https:\/\/www.svecorp.com\/es\/privacidad\/"]}]},{"@type":"BreadcrumbList","@id":"https:\/\/www.svecorp.com\/es\/privacidad\/#breadcrumb","itemListElement":[{"@type":"ListItem","position":1,"name":"Portada","item":"https:\/\/www.svecorp.com\/es\/"},{"@type":"ListItem","position":2,"name":"Privacidad"}]},{"@type":"WebSite","@id":"https:\/\/www.svecorp.com\/es\/#website","url":"https:\/\/www.svecorp.com\/es\/","name":"SVE","description":"Safely improving control","publisher":{"@id":"https:\/\/www.svecorp.com\/es\/#organization"},"potentialAction":[{"@type":"SearchAction","target":{"@type":"EntryPoint","urlTemplate":"https:\/\/www.svecorp.com\/es\/?s={search_term_string}"},"query-input":{"@type":"PropertyValueSpecification","valueRequired":true,"valueName":"search_term_string"}}],"inLanguage":"es"},{"@type":"Organization","@id":"https:\/\/www.svecorp.com\/es\/#organization","name":"SVE Corp.","url":"https:\/\/www.svecorp.com\/es\/","logo":{"@type":"ImageObject","inLanguage":"es","@id":"https:\/\/www.svecorp.com\/es\/#\/schema\/logo\/image\/","url":"https:\/\/www.svecorp.com\/wp-content\/uploads\/2023\/02\/logo-sve.png","contentUrl":"https:\/\/www.svecorp.com\/wp-content\/uploads\/2023\/02\/logo-sve.png","width":150,"height":100,"caption":"SVE Corp."},"image":{"@id":"https:\/\/www.svecorp.com\/es\/#\/schema\/logo\/image\/"}}]}},"_links":{"self":[{"href":"https:\/\/www.svecorp.com\/es\/wp-json\/wp\/v2\/pages\/478","targetHints":{"allow":["GET"]}}],"collection":[{"href":"https:\/\/www.svecorp.com\/es\/wp-json\/wp\/v2\/pages"}],"about":[{"href":"https:\/\/www.svecorp.com\/es\/wp-json\/wp\/v2\/types\/page"}],"author":[{"embeddable":true,"href":"https:\/\/www.svecorp.com\/es\/wp-json\/wp\/v2\/users\/1"}],"replies":[{"embeddable":true,"href":"https:\/\/www.svecorp.com\/es\/wp-json\/wp\/v2\/comments?post=478"}],"version-history":[{"count":0,"href":"https:\/\/www.svecorp.com\/es\/wp-json\/wp\/v2\/pages\/478\/revisions"}],"wp:attachment":[{"href":"https:\/\/www.svecorp.com\/es\/wp-json\/wp\/v2\/media?parent=478"}],"curies":[{"name":"wp","href":"https:\/\/api.w.org\/{rel}","templated":true}]}}