{"id":468,"date":"2018-01-22T12:35:36","date_gmt":"2018-01-22T12:35:36","guid":{"rendered":"http:\/\/www.svecorp.com\/?page_id=468"},"modified":"2022-04-20T10:38:49","modified_gmt":"2022-04-20T10:38:49","slug":"aviso-legal","status":"publish","type":"page","link":"https:\/\/www.svecorp.com\/es\/aviso-legal\/","title":{"rendered":"Aviso legal"},"content":{"rendered":"<p>En esta p\u00e1gina puede leer las condiciones bajo las que SVE S.L. le proporciona contenidos y servicios desde este sitio web, y que usted acepta por el hecho de acceder a \u00e9l. Son las Condiciones de Uso del sitio web.<\/p>\n<p>Identificaci\u00f3n de nuestra empresa:<\/p>\n<p><strong>SVE SL<\/strong><br \/>\n<strong>Albert Einstein 36-B,<\/strong><br \/>\n<strong>Parque Tecnol\u00f3gico de Alava<\/strong><br \/>\n<strong>01510 Vitoria-Gasteiz<\/strong><br \/>\n<strong>Espa\u00f1a \/ Spain<\/strong><br \/>\n<strong>+34 943 77 00 35<\/strong><br \/>\n<strong>NIF: B20071510<\/strong><br \/>\n<strong>svecorp@svecorp.com<\/strong><\/p>\n<h2>Aceptaci\u00f3n de estas Condiciones<\/h2>\n<p>Su acceso a este sitio web implica que conoce, entiende y acepta estas Condiciones Generales de Uso en la versi\u00f3n existente en el momento del acceso. Dado que, en funci\u00f3n de las normativas legales vigentes en cada momento, las Condiciones pueden sufrir modificaciones, le recomendamos que las lea cada vez que acceda a este sitio web, as\u00ed como nuestra Pol\u00edtica de Privacidad.<br \/>\nObjeto del sitio. Exclusi\u00f3n de responsabilidades.<\/p>\n<p>A trav\u00e9s de este sitio web, proporcionamos informaci\u00f3n sobre los servicios y\/o productos que ofrecemos o comercializamos. Esa informaci\u00f3n se ofrece tal y como puede verla el usuario, no aceptando SVE S.L. responsabilidad alguna por posibles perjuicios causados por:<\/p>\n<ul>\n<li>La inexistencia de la informaci\u00f3n o los servicios y\/o productos ofrecidos, su inexactitud, su falta de actualizaci\u00f3n o la existencia de fallos en el acceso a parte o a la totalidad de los contenidos de este sitio web o de otros a los que se pueda acceder desde \u00e9ste.<\/li>\n<li>La p\u00e9rdida de informaci\u00f3n o da\u00f1os en equipos causados por la utilizaci\u00f3n de este sitio web o de otros a los que se pueda acceder desde \u00e9ste.<\/li>\n<\/ul>\n<p>Por otro lado, SVE S.L. se reserva la posibilidad de efectuar cambios en las caracter\u00edsticas de la maquinaria descrita sin previo aviso.<\/p>\n<h2>Utilizaci\u00f3n del sitio web<\/h2>\n<p>Su acceso a este sitio web tiene lugar bajo su \u00fanica y exclusiva responsabilidad, y as\u00ed lo acepta voluntaria y expresamente al acceder a \u00e9l. Consiente, asimismo, en no utilizar ninguno de los contenidos incluidos en el sitio web para fines que sean il\u00edcitos o vayan en contra del orden p\u00fablico, la moral y las buenas costumbres com\u00fanmente aceptadas. En particular, y sin que ello suponga una limitaci\u00f3n a lo aqu\u00ed enunciado, se compromete a no obtener, reproducir o distribuir los contenidos mostrados en este sitio web si no es para uso personal y en ning\u00fan caso lucrativo.<\/p>\n<h2>Derechos de propiedad intelectual<\/h2>\n<p>Todas las marcas, nombres comerciales o signos distintivos de cualquier clase que aparecen en el sitio web son propiedad de SVE S.L. o de terceros, sin que pueda entenderse que el acceso al sitio web le otorga derecho alguno sobre las citadas marcas, nombres comerciales y\/o signos distintivos. Asimismo, los contenidos son propiedad intelectual de nuestra empresa o de terceros, sin que puedan entenderse cedidos a usted ninguno de los derechos de explotaci\u00f3n que existen o puedan existir sobre ellos.<\/p>\n<h2>Legislaci\u00f3n aplicable<\/h2>\n<p>Estas Condiciones de Uso se rigen por la legislaci\u00f3n espa\u00f1ola. SVE S.L. y el usuario se someten a los Juzgados y Tribunales de San Sebasti\u00e1n (Guip\u00fazcoa) para cualquier controversia que pudiera derivarse de la prestaci\u00f3n de los servicios objeto de estas Condiciones de Uso.<\/p>\n","protected":false},"excerpt":{"rendered":"<p>En esta p\u00e1gina puede leer las condiciones bajo las que SVE S.L. le proporciona contenidos y servicios desde este sitio web, y que usted acepta [&hellip;]<\/p>\n","protected":false},"author":1,"featured_media":0,"parent":0,"menu_order":0,"comment_status":"closed","ping_status":"closed","template":"","meta":{"_acf_changed":false,"footnotes":""},"class_list":["post-468","page","type-page","status-publish","hentry"],"acf":[],"yoast_head":"<!-- This site is optimized with the Yoast SEO plugin v26.7 - https:\/\/yoast.com\/wordpress\/plugins\/seo\/ -->\n<title>Aviso legal - SVE<\/title>\n<meta name=\"description\" content=\"SVE a trav\u00e9s de este sitio web, proporciona informaci\u00f3n sobre los servicios y\/o productos que ofrece y comercializa.\" \/>\n<meta name=\"robots\" content=\"index, follow, max-snippet:-1, max-image-preview:large, max-video-preview:-1\" \/>\n<link rel=\"canonical\" href=\"https:\/\/www.svecorp.com\/es\/aviso-legal\/\" \/>\n<meta property=\"og:locale\" content=\"es_ES\" \/>\n<meta property=\"og:type\" content=\"article\" \/>\n<meta property=\"og:title\" content=\"Aviso legal - SVE\" \/>\n<meta property=\"og:description\" content=\"SVE a trav\u00e9s de este sitio web, proporciona informaci\u00f3n sobre los servicios y\/o productos que ofrece y comercializa.\" \/>\n<meta property=\"og:url\" content=\"https:\/\/www.svecorp.com\/es\/aviso-legal\/\" \/>\n<meta property=\"og:site_name\" content=\"SVE\" \/>\n<meta property=\"article:modified_time\" content=\"2022-04-20T10:38:49+00:00\" \/>\n<meta property=\"og:image\" content=\"https:\/\/www.svecorp.com\/wp-content\/uploads\/2023\/12\/minano.jpg\" \/>\n\t<meta property=\"og:image:width\" content=\"500\" \/>\n\t<meta property=\"og:image:height\" content=\"500\" \/>\n\t<meta property=\"og:image:type\" content=\"image\/jpeg\" \/>\n<meta name=\"twitter:card\" content=\"summary_large_image\" \/>\n<meta name=\"twitter:label1\" content=\"Tiempo de lectura\" \/>\n\t<meta name=\"twitter:data1\" content=\"3 minutos\" \/>\n<script type=\"application\/ld+json\" class=\"yoast-schema-graph\">{\"@context\":\"https:\/\/schema.org\",\"@graph\":[{\"@type\":\"WebPage\",\"@id\":\"https:\/\/www.svecorp.com\/es\/aviso-legal\/\",\"url\":\"https:\/\/www.svecorp.com\/es\/aviso-legal\/\",\"name\":\"Aviso legal - SVE\",\"isPartOf\":{\"@id\":\"https:\/\/www.svecorp.com\/es\/#website\"},\"datePublished\":\"2018-01-22T12:35:36+00:00\",\"dateModified\":\"2022-04-20T10:38:49+00:00\",\"description\":\"SVE a trav\u00e9s de este sitio web, proporciona informaci\u00f3n sobre los servicios y\/o productos que ofrece y comercializa.\",\"breadcrumb\":{\"@id\":\"https:\/\/www.svecorp.com\/es\/aviso-legal\/#breadcrumb\"},\"inLanguage\":\"es\",\"potentialAction\":[{\"@type\":\"ReadAction\",\"target\":[\"https:\/\/www.svecorp.com\/es\/aviso-legal\/\"]}]},{\"@type\":\"BreadcrumbList\",\"@id\":\"https:\/\/www.svecorp.com\/es\/aviso-legal\/#breadcrumb\",\"itemListElement\":[{\"@type\":\"ListItem\",\"position\":1,\"name\":\"Portada\",\"item\":\"https:\/\/www.svecorp.com\/es\/\"},{\"@type\":\"ListItem\",\"position\":2,\"name\":\"Aviso legal\"}]},{\"@type\":\"WebSite\",\"@id\":\"https:\/\/www.svecorp.com\/es\/#website\",\"url\":\"https:\/\/www.svecorp.com\/es\/\",\"name\":\"SVE\",\"description\":\"Safely improving control\",\"publisher\":{\"@id\":\"https:\/\/www.svecorp.com\/es\/#organization\"},\"potentialAction\":[{\"@type\":\"SearchAction\",\"target\":{\"@type\":\"EntryPoint\",\"urlTemplate\":\"https:\/\/www.svecorp.com\/es\/?s={search_term_string}\"},\"query-input\":{\"@type\":\"PropertyValueSpecification\",\"valueRequired\":true,\"valueName\":\"search_term_string\"}}],\"inLanguage\":\"es\"},{\"@type\":\"Organization\",\"@id\":\"https:\/\/www.svecorp.com\/es\/#organization\",\"name\":\"SVE Corp.\",\"url\":\"https:\/\/www.svecorp.com\/es\/\",\"logo\":{\"@type\":\"ImageObject\",\"inLanguage\":\"es\",\"@id\":\"https:\/\/www.svecorp.com\/es\/#\/schema\/logo\/image\/\",\"url\":\"https:\/\/www.svecorp.com\/wp-content\/uploads\/2023\/02\/logo-sve.png\",\"contentUrl\":\"https:\/\/www.svecorp.com\/wp-content\/uploads\/2023\/02\/logo-sve.png\",\"width\":150,\"height\":100,\"caption\":\"SVE Corp.\"},\"image\":{\"@id\":\"https:\/\/www.svecorp.com\/es\/#\/schema\/logo\/image\/\"}}]}<\/script>\n<!-- \/ Yoast SEO plugin. -->","yoast_head_json":{"title":"Aviso legal - SVE","description":"SVE a trav\u00e9s de este sitio web, proporciona informaci\u00f3n sobre los servicios y\/o productos que ofrece y comercializa.","robots":{"index":"index","follow":"follow","max-snippet":"max-snippet:-1","max-image-preview":"max-image-preview:large","max-video-preview":"max-video-preview:-1"},"canonical":"https:\/\/www.svecorp.com\/es\/aviso-legal\/","og_locale":"es_ES","og_type":"article","og_title":"Aviso legal - SVE","og_description":"SVE a trav\u00e9s de este sitio web, proporciona informaci\u00f3n sobre los servicios y\/o productos que ofrece y comercializa.","og_url":"https:\/\/www.svecorp.com\/es\/aviso-legal\/","og_site_name":"SVE","article_modified_time":"2022-04-20T10:38:49+00:00","og_image":[{"width":500,"height":500,"url":"https:\/\/www.svecorp.com\/wp-content\/uploads\/2023\/12\/minano.jpg","type":"image\/jpeg"}],"twitter_card":"summary_large_image","twitter_misc":{"Tiempo de lectura":"3 minutos"},"schema":{"@context":"https:\/\/schema.org","@graph":[{"@type":"WebPage","@id":"https:\/\/www.svecorp.com\/es\/aviso-legal\/","url":"https:\/\/www.svecorp.com\/es\/aviso-legal\/","name":"Aviso legal - SVE","isPartOf":{"@id":"https:\/\/www.svecorp.com\/es\/#website"},"datePublished":"2018-01-22T12:35:36+00:00","dateModified":"2022-04-20T10:38:49+00:00","description":"SVE a trav\u00e9s de este sitio web, proporciona informaci\u00f3n sobre los servicios y\/o productos que ofrece y comercializa.","breadcrumb":{"@id":"https:\/\/www.svecorp.com\/es\/aviso-legal\/#breadcrumb"},"inLanguage":"es","potentialAction":[{"@type":"ReadAction","target":["https:\/\/www.svecorp.com\/es\/aviso-legal\/"]}]},{"@type":"BreadcrumbList","@id":"https:\/\/www.svecorp.com\/es\/aviso-legal\/#breadcrumb","itemListElement":[{"@type":"ListItem","position":1,"name":"Portada","item":"https:\/\/www.svecorp.com\/es\/"},{"@type":"ListItem","position":2,"name":"Aviso legal"}]},{"@type":"WebSite","@id":"https:\/\/www.svecorp.com\/es\/#website","url":"https:\/\/www.svecorp.com\/es\/","name":"SVE","description":"Safely improving control","publisher":{"@id":"https:\/\/www.svecorp.com\/es\/#organization"},"potentialAction":[{"@type":"SearchAction","target":{"@type":"EntryPoint","urlTemplate":"https:\/\/www.svecorp.com\/es\/?s={search_term_string}"},"query-input":{"@type":"PropertyValueSpecification","valueRequired":true,"valueName":"search_term_string"}}],"inLanguage":"es"},{"@type":"Organization","@id":"https:\/\/www.svecorp.com\/es\/#organization","name":"SVE Corp.","url":"https:\/\/www.svecorp.com\/es\/","logo":{"@type":"ImageObject","inLanguage":"es","@id":"https:\/\/www.svecorp.com\/es\/#\/schema\/logo\/image\/","url":"https:\/\/www.svecorp.com\/wp-content\/uploads\/2023\/02\/logo-sve.png","contentUrl":"https:\/\/www.svecorp.com\/wp-content\/uploads\/2023\/02\/logo-sve.png","width":150,"height":100,"caption":"SVE Corp."},"image":{"@id":"https:\/\/www.svecorp.com\/es\/#\/schema\/logo\/image\/"}}]}},"_links":{"self":[{"href":"https:\/\/www.svecorp.com\/es\/wp-json\/wp\/v2\/pages\/468","targetHints":{"allow":["GET"]}}],"collection":[{"href":"https:\/\/www.svecorp.com\/es\/wp-json\/wp\/v2\/pages"}],"about":[{"href":"https:\/\/www.svecorp.com\/es\/wp-json\/wp\/v2\/types\/page"}],"author":[{"embeddable":true,"href":"https:\/\/www.svecorp.com\/es\/wp-json\/wp\/v2\/users\/1"}],"replies":[{"embeddable":true,"href":"https:\/\/www.svecorp.com\/es\/wp-json\/wp\/v2\/comments?post=468"}],"version-history":[{"count":0,"href":"https:\/\/www.svecorp.com\/es\/wp-json\/wp\/v2\/pages\/468\/revisions"}],"wp:attachment":[{"href":"https:\/\/www.svecorp.com\/es\/wp-json\/wp\/v2\/media?parent=468"}],"curies":[{"name":"wp","href":"https:\/\/api.w.org\/{rel}","templated":true}]}}