{"id":460,"date":"2017-07-27T16:23:09","date_gmt":"2017-07-27T16:23:09","guid":{"rendered":"http:\/\/www.svecorp.com\/power-generation\/"},"modified":"2024-07-31T06:48:17","modified_gmt":"2024-07-31T06:48:17","slug":"generacion-electrica","status":"publish","type":"page","link":"https:\/\/www.svecorp.com\/es\/generacion-electrica\/","title":{"rendered":"SVE Generaci\u00f3n el\u00e9ctrica"},"content":{"rendered":"<p>Control autom\u00e1tico para generadores aut\u00f3nomos, generadores en emergencia por fallo de red y generadores redundantes en instalaciones solares.<\/p>\n<p>Cuadros de control, Controladores electr\u00f3nicos, Cargadores de bater\u00edas, otros componentes&#8230;<\/p>\n<p>Comunicaciones: USB, RS 485, ETHERNET, MODBUS, CANBUS<\/p>\n<p>Displays gr\u00e1ficos, transflectivos<\/p>\n<p>&nbsp;<\/p>\n","protected":false},"excerpt":{"rendered":"<p>Control autom\u00e1tico para generadores aut\u00f3nomos, generadores en emergencia por fallo de red y generadores redundantes en instalaciones solares. Cuadros de control, Controladores electr\u00f3nicos, Cargadores de [&hellip;]<\/p>\n","protected":false},"author":1,"featured_media":0,"parent":0,"menu_order":0,"comment_status":"closed","ping_status":"closed","template":"page-templates\/template-solution.php","meta":{"_acf_changed":false,"footnotes":""},"class_list":["post-460","page","type-page","status-publish","hentry"],"acf":[],"yoast_head":"<!-- This site is optimized with the Yoast SEO plugin v26.7 - https:\/\/yoast.com\/wordpress\/plugins\/seo\/ -->\n<title>SVE Corp. Control grupos electr\u00f3genos<\/title>\n<meta name=\"description\" content=\"SVE Corp. Control autom\u00e1tico para generadores el\u00e9ctricos aut\u00f3nomos y en emergencia por fallo de red.\" \/>\n<meta name=\"robots\" content=\"noindex, nofollow\" \/>\n<meta property=\"og:locale\" content=\"es_ES\" \/>\n<meta property=\"og:type\" content=\"article\" \/>\n<meta property=\"og:title\" content=\"SVE Corp. Control grupos electr\u00f3genos\" \/>\n<meta property=\"og:description\" content=\"SVE Corp. Control autom\u00e1tico para generadores el\u00e9ctricos aut\u00f3nomos y en emergencia por fallo de red.\" \/>\n<meta property=\"og:url\" content=\"https:\/\/www.svecorp.com\/es\/generacion-electrica\/\" \/>\n<meta property=\"og:site_name\" content=\"SVE\" \/>\n<meta property=\"article:modified_time\" content=\"2024-07-31T06:48:17+00:00\" \/>\n<meta property=\"og:image\" content=\"https:\/\/www.svecorp.com\/wp-content\/uploads\/2023\/12\/minano.jpg\" \/>\n\t<meta property=\"og:image:width\" content=\"500\" \/>\n\t<meta property=\"og:image:height\" content=\"500\" \/>\n\t<meta property=\"og:image:type\" content=\"image\/jpeg\" \/>\n<meta name=\"twitter:card\" content=\"summary_large_image\" \/>\n<script type=\"application\/ld+json\" class=\"yoast-schema-graph\">{\"@context\":\"https:\/\/schema.org\",\"@graph\":[{\"@type\":\"WebPage\",\"@id\":\"https:\/\/www.svecorp.com\/es\/generacion-electrica\/\",\"url\":\"https:\/\/www.svecorp.com\/es\/generacion-electrica\/\",\"name\":\"SVE Corp. Control grupos electr\u00f3genos\",\"isPartOf\":{\"@id\":\"https:\/\/www.svecorp.com\/es\/#website\"},\"datePublished\":\"2017-07-27T16:23:09+00:00\",\"dateModified\":\"2024-07-31T06:48:17+00:00\",\"description\":\"SVE Corp. Control autom\u00e1tico para generadores el\u00e9ctricos aut\u00f3nomos y en emergencia por fallo de red.\",\"breadcrumb\":{\"@id\":\"https:\/\/www.svecorp.com\/es\/generacion-electrica\/#breadcrumb\"},\"inLanguage\":\"es\",\"potentialAction\":[{\"@type\":\"ReadAction\",\"target\":[\"https:\/\/www.svecorp.com\/es\/generacion-electrica\/\"]}]},{\"@type\":\"BreadcrumbList\",\"@id\":\"https:\/\/www.svecorp.com\/es\/generacion-electrica\/#breadcrumb\",\"itemListElement\":[{\"@type\":\"ListItem\",\"position\":1,\"name\":\"Portada\",\"item\":\"https:\/\/www.svecorp.com\/es\/\"},{\"@type\":\"ListItem\",\"position\":2,\"name\":\"SVE Generaci\u00f3n el\u00e9ctrica\"}]},{\"@type\":\"WebSite\",\"@id\":\"https:\/\/www.svecorp.com\/es\/#website\",\"url\":\"https:\/\/www.svecorp.com\/es\/\",\"name\":\"SVE\",\"description\":\"Safely improving control\",\"publisher\":{\"@id\":\"https:\/\/www.svecorp.com\/es\/#organization\"},\"potentialAction\":[{\"@type\":\"SearchAction\",\"target\":{\"@type\":\"EntryPoint\",\"urlTemplate\":\"https:\/\/www.svecorp.com\/es\/?s={search_term_string}\"},\"query-input\":{\"@type\":\"PropertyValueSpecification\",\"valueRequired\":true,\"valueName\":\"search_term_string\"}}],\"inLanguage\":\"es\"},{\"@type\":\"Organization\",\"@id\":\"https:\/\/www.svecorp.com\/es\/#organization\",\"name\":\"SVE Corp.\",\"url\":\"https:\/\/www.svecorp.com\/es\/\",\"logo\":{\"@type\":\"ImageObject\",\"inLanguage\":\"es\",\"@id\":\"https:\/\/www.svecorp.com\/es\/#\/schema\/logo\/image\/\",\"url\":\"https:\/\/www.svecorp.com\/wp-content\/uploads\/2023\/02\/logo-sve.png\",\"contentUrl\":\"https:\/\/www.svecorp.com\/wp-content\/uploads\/2023\/02\/logo-sve.png\",\"width\":150,\"height\":100,\"caption\":\"SVE Corp.\"},\"image\":{\"@id\":\"https:\/\/www.svecorp.com\/es\/#\/schema\/logo\/image\/\"}}]}<\/script>\n<!-- \/ Yoast SEO plugin. -->","yoast_head_json":{"title":"SVE Corp. Control grupos electr\u00f3genos","description":"SVE Corp. Control autom\u00e1tico para generadores el\u00e9ctricos aut\u00f3nomos y en emergencia por fallo de red.","robots":{"index":"noindex","follow":"nofollow"},"og_locale":"es_ES","og_type":"article","og_title":"SVE Corp. Control grupos electr\u00f3genos","og_description":"SVE Corp. Control autom\u00e1tico para generadores el\u00e9ctricos aut\u00f3nomos y en emergencia por fallo de red.","og_url":"https:\/\/www.svecorp.com\/es\/generacion-electrica\/","og_site_name":"SVE","article_modified_time":"2024-07-31T06:48:17+00:00","og_image":[{"width":500,"height":500,"url":"https:\/\/www.svecorp.com\/wp-content\/uploads\/2023\/12\/minano.jpg","type":"image\/jpeg"}],"twitter_card":"summary_large_image","schema":{"@context":"https:\/\/schema.org","@graph":[{"@type":"WebPage","@id":"https:\/\/www.svecorp.com\/es\/generacion-electrica\/","url":"https:\/\/www.svecorp.com\/es\/generacion-electrica\/","name":"SVE Corp. Control grupos electr\u00f3genos","isPartOf":{"@id":"https:\/\/www.svecorp.com\/es\/#website"},"datePublished":"2017-07-27T16:23:09+00:00","dateModified":"2024-07-31T06:48:17+00:00","description":"SVE Corp. Control autom\u00e1tico para generadores el\u00e9ctricos aut\u00f3nomos y en emergencia por fallo de red.","breadcrumb":{"@id":"https:\/\/www.svecorp.com\/es\/generacion-electrica\/#breadcrumb"},"inLanguage":"es","potentialAction":[{"@type":"ReadAction","target":["https:\/\/www.svecorp.com\/es\/generacion-electrica\/"]}]},{"@type":"BreadcrumbList","@id":"https:\/\/www.svecorp.com\/es\/generacion-electrica\/#breadcrumb","itemListElement":[{"@type":"ListItem","position":1,"name":"Portada","item":"https:\/\/www.svecorp.com\/es\/"},{"@type":"ListItem","position":2,"name":"SVE Generaci\u00f3n el\u00e9ctrica"}]},{"@type":"WebSite","@id":"https:\/\/www.svecorp.com\/es\/#website","url":"https:\/\/www.svecorp.com\/es\/","name":"SVE","description":"Safely improving control","publisher":{"@id":"https:\/\/www.svecorp.com\/es\/#organization"},"potentialAction":[{"@type":"SearchAction","target":{"@type":"EntryPoint","urlTemplate":"https:\/\/www.svecorp.com\/es\/?s={search_term_string}"},"query-input":{"@type":"PropertyValueSpecification","valueRequired":true,"valueName":"search_term_string"}}],"inLanguage":"es"},{"@type":"Organization","@id":"https:\/\/www.svecorp.com\/es\/#organization","name":"SVE Corp.","url":"https:\/\/www.svecorp.com\/es\/","logo":{"@type":"ImageObject","inLanguage":"es","@id":"https:\/\/www.svecorp.com\/es\/#\/schema\/logo\/image\/","url":"https:\/\/www.svecorp.com\/wp-content\/uploads\/2023\/02\/logo-sve.png","contentUrl":"https:\/\/www.svecorp.com\/wp-content\/uploads\/2023\/02\/logo-sve.png","width":150,"height":100,"caption":"SVE Corp."},"image":{"@id":"https:\/\/www.svecorp.com\/es\/#\/schema\/logo\/image\/"}}]}},"_links":{"self":[{"href":"https:\/\/www.svecorp.com\/es\/wp-json\/wp\/v2\/pages\/460","targetHints":{"allow":["GET"]}}],"collection":[{"href":"https:\/\/www.svecorp.com\/es\/wp-json\/wp\/v2\/pages"}],"about":[{"href":"https:\/\/www.svecorp.com\/es\/wp-json\/wp\/v2\/types\/page"}],"author":[{"embeddable":true,"href":"https:\/\/www.svecorp.com\/es\/wp-json\/wp\/v2\/users\/1"}],"replies":[{"embeddable":true,"href":"https:\/\/www.svecorp.com\/es\/wp-json\/wp\/v2\/comments?post=460"}],"version-history":[{"count":1,"href":"https:\/\/www.svecorp.com\/es\/wp-json\/wp\/v2\/pages\/460\/revisions"}],"predecessor-version":[{"id":3268,"href":"https:\/\/www.svecorp.com\/es\/wp-json\/wp\/v2\/pages\/460\/revisions\/3268"}],"wp:attachment":[{"href":"https:\/\/www.svecorp.com\/es\/wp-json\/wp\/v2\/media?parent=460"}],"curies":[{"name":"wp","href":"https:\/\/api.w.org\/{rel}","templated":true}]}}