{"id":456,"date":"2017-07-27T15:52:40","date_gmt":"2017-07-27T15:52:40","guid":{"rendered":"http:\/\/www.svecorp.com\/fire-fighting\/"},"modified":"2026-03-17T08:11:31","modified_gmt":"2026-03-17T08:11:31","slug":"control-bombas-contra-incendios","status":"publish","type":"page","link":"https:\/\/www.svecorp.com\/es\/control-bombas-contra-incendios\/","title":{"rendered":"SVE Corp. Control Bombas Contra Incendios"},"content":{"rendered":"<p>UNE 23500 \/ EN 17451 \/ EN 12845 \/ NFPA 20 \/\u00a0 LPC TB210 \/ FOC \/ AS 2941 \/ UNI 10779 \/ A2P<\/p>\n<p>Control de bombas contra incendios con motor di\u00e9sel y el\u00e9ctrico.<\/p>\n<p>Paneles de control, controladores electr\u00f3nicos, cargadores de bater\u00edas y otros componentes listados, certificados, aprobados.<\/p>\n<p>Comunicaciones: Wifi \/ Web embebida \/\u00a0 USB (PC, Pendrive), RS 485, ETHERNET,<\/p>\n<p>Software: Monitorizaci\u00f3n local y remota, Configuraci\u00f3n, 1.200 Eventos, 12.000 Registros de presi\u00f3n, 50 Pruebas de bomba<\/p>\n","protected":false},"excerpt":{"rendered":"<p>UNE 23500 \/ EN 17451 \/ EN 12845 \/ NFPA 20 \/\u00a0 LPC TB210 \/ FOC \/ AS 2941 \/ UNI 10779 \/ A2P Control [&hellip;]<\/p>\n","protected":false},"author":1,"featured_media":0,"parent":0,"menu_order":0,"comment_status":"closed","ping_status":"closed","template":"page-templates\/template-solution.php","meta":{"_acf_changed":false,"footnotes":""},"class_list":["post-456","page","type-page","status-publish","hentry"],"acf":[],"yoast_head":"<!-- This site is optimized with the Yoast SEO plugin v26.7 - https:\/\/yoast.com\/wordpress\/plugins\/seo\/ -->\n<title>Control bombas contra incendios<\/title>\n<meta name=\"description\" content=\"SVE Corp. Control de bombas contra incendios. UNE 23500 \/ EN 12845 \/ NFPA 20 Certificados. Aprobados y Listados por CEPREVEN\" \/>\n<meta name=\"robots\" content=\"index, follow, max-snippet:-1, max-image-preview:large, max-video-preview:-1\" \/>\n<link rel=\"canonical\" href=\"https:\/\/www.svecorp.com\/es\/control-bombas-contra-incendios\/\" \/>\n<meta property=\"og:locale\" content=\"es_ES\" \/>\n<meta property=\"og:type\" content=\"article\" \/>\n<meta property=\"og:title\" content=\"Control bombas contra incendios\" \/>\n<meta property=\"og:description\" content=\"SVE Corp. Control de bombas contra incendios. UNE 23500 \/ EN 12845 \/ NFPA 20 Certificados. Aprobados y Listados por CEPREVEN\" \/>\n<meta property=\"og:url\" content=\"https:\/\/www.svecorp.com\/es\/control-bombas-contra-incendios\/\" \/>\n<meta property=\"og:site_name\" content=\"SVE\" \/>\n<meta property=\"article:modified_time\" content=\"2026-03-17T08:11:31+00:00\" \/>\n<meta property=\"og:image\" content=\"https:\/\/www.svecorp.com\/wp-content\/uploads\/2023\/12\/minano.jpg\" \/>\n\t<meta property=\"og:image:width\" content=\"500\" \/>\n\t<meta property=\"og:image:height\" content=\"500\" \/>\n\t<meta property=\"og:image:type\" content=\"image\/jpeg\" \/>\n<meta name=\"twitter:card\" content=\"summary_large_image\" \/>\n<script type=\"application\/ld+json\" class=\"yoast-schema-graph\">{\"@context\":\"https:\/\/schema.org\",\"@graph\":[{\"@type\":\"WebPage\",\"@id\":\"https:\/\/www.svecorp.com\/es\/control-bombas-contra-incendios\/\",\"url\":\"https:\/\/www.svecorp.com\/es\/control-bombas-contra-incendios\/\",\"name\":\"Control bombas contra incendios\",\"isPartOf\":{\"@id\":\"https:\/\/www.svecorp.com\/es\/#website\"},\"datePublished\":\"2017-07-27T15:52:40+00:00\",\"dateModified\":\"2026-03-17T08:11:31+00:00\",\"description\":\"SVE Corp. Control de bombas contra incendios. UNE 23500 \/ EN 12845 \/ NFPA 20 Certificados. Aprobados y Listados por CEPREVEN\",\"breadcrumb\":{\"@id\":\"https:\/\/www.svecorp.com\/es\/control-bombas-contra-incendios\/#breadcrumb\"},\"inLanguage\":\"es\",\"potentialAction\":[{\"@type\":\"ReadAction\",\"target\":[\"https:\/\/www.svecorp.com\/es\/control-bombas-contra-incendios\/\"]}]},{\"@type\":\"BreadcrumbList\",\"@id\":\"https:\/\/www.svecorp.com\/es\/control-bombas-contra-incendios\/#breadcrumb\",\"itemListElement\":[{\"@type\":\"ListItem\",\"position\":1,\"name\":\"Portada\",\"item\":\"https:\/\/www.svecorp.com\/es\/\"},{\"@type\":\"ListItem\",\"position\":2,\"name\":\"SVE Corp. Control Bombas Contra Incendios\"}]},{\"@type\":\"WebSite\",\"@id\":\"https:\/\/www.svecorp.com\/es\/#website\",\"url\":\"https:\/\/www.svecorp.com\/es\/\",\"name\":\"SVE\",\"description\":\"Safely improving control\",\"publisher\":{\"@id\":\"https:\/\/www.svecorp.com\/es\/#organization\"},\"potentialAction\":[{\"@type\":\"SearchAction\",\"target\":{\"@type\":\"EntryPoint\",\"urlTemplate\":\"https:\/\/www.svecorp.com\/es\/?s={search_term_string}\"},\"query-input\":{\"@type\":\"PropertyValueSpecification\",\"valueRequired\":true,\"valueName\":\"search_term_string\"}}],\"inLanguage\":\"es\"},{\"@type\":\"Organization\",\"@id\":\"https:\/\/www.svecorp.com\/es\/#organization\",\"name\":\"SVE Corp.\",\"url\":\"https:\/\/www.svecorp.com\/es\/\",\"logo\":{\"@type\":\"ImageObject\",\"inLanguage\":\"es\",\"@id\":\"https:\/\/www.svecorp.com\/es\/#\/schema\/logo\/image\/\",\"url\":\"https:\/\/www.svecorp.com\/wp-content\/uploads\/2023\/02\/logo-sve.png\",\"contentUrl\":\"https:\/\/www.svecorp.com\/wp-content\/uploads\/2023\/02\/logo-sve.png\",\"width\":150,\"height\":100,\"caption\":\"SVE Corp.\"},\"image\":{\"@id\":\"https:\/\/www.svecorp.com\/es\/#\/schema\/logo\/image\/\"}}]}<\/script>\n<!-- \/ Yoast SEO plugin. -->","yoast_head_json":{"title":"Control bombas contra incendios","description":"SVE Corp. Control de bombas contra incendios. UNE 23500 \/ EN 12845 \/ NFPA 20 Certificados. Aprobados y Listados por CEPREVEN","robots":{"index":"index","follow":"follow","max-snippet":"max-snippet:-1","max-image-preview":"max-image-preview:large","max-video-preview":"max-video-preview:-1"},"canonical":"https:\/\/www.svecorp.com\/es\/control-bombas-contra-incendios\/","og_locale":"es_ES","og_type":"article","og_title":"Control bombas contra incendios","og_description":"SVE Corp. Control de bombas contra incendios. UNE 23500 \/ EN 12845 \/ NFPA 20 Certificados. Aprobados y Listados por CEPREVEN","og_url":"https:\/\/www.svecorp.com\/es\/control-bombas-contra-incendios\/","og_site_name":"SVE","article_modified_time":"2026-03-17T08:11:31+00:00","og_image":[{"width":500,"height":500,"url":"https:\/\/www.svecorp.com\/wp-content\/uploads\/2023\/12\/minano.jpg","type":"image\/jpeg"}],"twitter_card":"summary_large_image","schema":{"@context":"https:\/\/schema.org","@graph":[{"@type":"WebPage","@id":"https:\/\/www.svecorp.com\/es\/control-bombas-contra-incendios\/","url":"https:\/\/www.svecorp.com\/es\/control-bombas-contra-incendios\/","name":"Control bombas contra incendios","isPartOf":{"@id":"https:\/\/www.svecorp.com\/es\/#website"},"datePublished":"2017-07-27T15:52:40+00:00","dateModified":"2026-03-17T08:11:31+00:00","description":"SVE Corp. Control de bombas contra incendios. UNE 23500 \/ EN 12845 \/ NFPA 20 Certificados. Aprobados y Listados por CEPREVEN","breadcrumb":{"@id":"https:\/\/www.svecorp.com\/es\/control-bombas-contra-incendios\/#breadcrumb"},"inLanguage":"es","potentialAction":[{"@type":"ReadAction","target":["https:\/\/www.svecorp.com\/es\/control-bombas-contra-incendios\/"]}]},{"@type":"BreadcrumbList","@id":"https:\/\/www.svecorp.com\/es\/control-bombas-contra-incendios\/#breadcrumb","itemListElement":[{"@type":"ListItem","position":1,"name":"Portada","item":"https:\/\/www.svecorp.com\/es\/"},{"@type":"ListItem","position":2,"name":"SVE Corp. Control Bombas Contra Incendios"}]},{"@type":"WebSite","@id":"https:\/\/www.svecorp.com\/es\/#website","url":"https:\/\/www.svecorp.com\/es\/","name":"SVE","description":"Safely improving control","publisher":{"@id":"https:\/\/www.svecorp.com\/es\/#organization"},"potentialAction":[{"@type":"SearchAction","target":{"@type":"EntryPoint","urlTemplate":"https:\/\/www.svecorp.com\/es\/?s={search_term_string}"},"query-input":{"@type":"PropertyValueSpecification","valueRequired":true,"valueName":"search_term_string"}}],"inLanguage":"es"},{"@type":"Organization","@id":"https:\/\/www.svecorp.com\/es\/#organization","name":"SVE Corp.","url":"https:\/\/www.svecorp.com\/es\/","logo":{"@type":"ImageObject","inLanguage":"es","@id":"https:\/\/www.svecorp.com\/es\/#\/schema\/logo\/image\/","url":"https:\/\/www.svecorp.com\/wp-content\/uploads\/2023\/02\/logo-sve.png","contentUrl":"https:\/\/www.svecorp.com\/wp-content\/uploads\/2023\/02\/logo-sve.png","width":150,"height":100,"caption":"SVE Corp."},"image":{"@id":"https:\/\/www.svecorp.com\/es\/#\/schema\/logo\/image\/"}}]}},"_links":{"self":[{"href":"https:\/\/www.svecorp.com\/es\/wp-json\/wp\/v2\/pages\/456","targetHints":{"allow":["GET"]}}],"collection":[{"href":"https:\/\/www.svecorp.com\/es\/wp-json\/wp\/v2\/pages"}],"about":[{"href":"https:\/\/www.svecorp.com\/es\/wp-json\/wp\/v2\/types\/page"}],"author":[{"embeddable":true,"href":"https:\/\/www.svecorp.com\/es\/wp-json\/wp\/v2\/users\/1"}],"replies":[{"embeddable":true,"href":"https:\/\/www.svecorp.com\/es\/wp-json\/wp\/v2\/comments?post=456"}],"version-history":[{"count":3,"href":"https:\/\/www.svecorp.com\/es\/wp-json\/wp\/v2\/pages\/456\/revisions"}],"predecessor-version":[{"id":4165,"href":"https:\/\/www.svecorp.com\/es\/wp-json\/wp\/v2\/pages\/456\/revisions\/4165"}],"wp:attachment":[{"href":"https:\/\/www.svecorp.com\/es\/wp-json\/wp\/v2\/media?parent=456"}],"curies":[{"name":"wp","href":"https:\/\/api.w.org\/{rel}","templated":true}]}}