{"id":2876,"date":"2023-06-30T09:24:27","date_gmt":"2023-06-30T09:24:27","guid":{"rendered":"https:\/\/www.svecorp.com\/?page_id=2876"},"modified":"2025-11-06T08:19:09","modified_gmt":"2025-11-06T08:19:09","slug":"svecorp-control-motobombas","status":"publish","type":"page","link":"https:\/\/www.svecorp.com\/es\/","title":{"rendered":"Home 2023"},"content":{"rendered":"","protected":false},"excerpt":{"rendered":"","protected":false},"author":1,"featured_media":0,"parent":0,"menu_order":0,"comment_status":"closed","ping_status":"closed","template":"page-templates\/template-home-2023.php","meta":{"_acf_changed":false,"footnotes":""},"class_list":["post-2876","page","type-page","status-publish","hentry"],"acf":[],"yoast_head":"<!-- This site is optimized with the Yoast SEO plugin v26.7 - https:\/\/yoast.com\/wordpress\/plugins\/seo\/ -->\n<title>SVE Corp. Control Bombas y Salas de Bombas Contra Incendios<\/title>\n<meta name=\"description\" content=\"Socio estrat\u00e9gico para el control de Bombas y Salas de Bombas Contra Incendios. Innovaci\u00f3n, Compromiso social, Medio ambiente, Paridad\" \/>\n<meta name=\"robots\" content=\"index, follow, max-snippet:-1, max-image-preview:large, max-video-preview:-1\" \/>\n<link rel=\"canonical\" href=\"https:\/\/www.svecorp.com\/es\/\" \/>\n<meta property=\"og:locale\" content=\"es_ES\" \/>\n<meta property=\"og:type\" content=\"article\" \/>\n<meta property=\"og:title\" content=\"SVE Corp. Control Bombas y Salas de Bombas Contra Incendios\" \/>\n<meta property=\"og:description\" content=\"Socio estrat\u00e9gico para el control de Bombas y Salas de Bombas Contra Incendios. Innovaci\u00f3n, Compromiso social, Medio ambiente, Paridad\" \/>\n<meta property=\"og:url\" content=\"https:\/\/www.svecorp.com\/es\/\" \/>\n<meta property=\"og:site_name\" content=\"SVE\" \/>\n<meta property=\"article:modified_time\" content=\"2025-11-06T08:19:09+00:00\" \/>\n<meta property=\"og:image\" content=\"https:\/\/www.svecorp.com\/wp-content\/uploads\/2023\/12\/minano.jpg\" \/>\n\t<meta property=\"og:image:width\" content=\"500\" \/>\n\t<meta property=\"og:image:height\" content=\"500\" \/>\n\t<meta property=\"og:image:type\" content=\"image\/jpeg\" \/>\n<meta name=\"twitter:card\" content=\"summary_large_image\" \/>\n<meta name=\"twitter:title\" content=\"SVE Corp. control moto-bombas innovaci\u00f3n\" \/>\n<meta name=\"twitter:description\" content=\"Socio estrat\u00e9gico para el control de moto-bombas y generadores el\u00e9ctricos.\" \/>\n<meta name=\"twitter:image\" content=\"https:\/\/www.svecorp.com\/wp-content\/uploads\/2023\/12\/minano.jpg\" \/>\n<script type=\"application\/ld+json\" class=\"yoast-schema-graph\">{\"@context\":\"https:\/\/schema.org\",\"@graph\":[{\"@type\":\"WebPage\",\"@id\":\"https:\/\/www.svecorp.com\/es\/\",\"url\":\"https:\/\/www.svecorp.com\/es\/\",\"name\":\"SVE Corp. Control Bombas y Salas de Bombas Contra Incendios\",\"isPartOf\":{\"@id\":\"https:\/\/www.svecorp.com\/es\/#website\"},\"datePublished\":\"2023-06-30T09:24:27+00:00\",\"dateModified\":\"2025-11-06T08:19:09+00:00\",\"description\":\"Socio estrat\u00e9gico para el control de Bombas y Salas de Bombas Contra Incendios. Innovaci\u00f3n, Compromiso social, Medio ambiente, Paridad\",\"breadcrumb\":{\"@id\":\"https:\/\/www.svecorp.com\/es\/#breadcrumb\"},\"inLanguage\":\"es\",\"potentialAction\":[{\"@type\":\"ReadAction\",\"target\":[\"https:\/\/www.svecorp.com\/es\/\"]}]},{\"@type\":\"BreadcrumbList\",\"@id\":\"https:\/\/www.svecorp.com\/es\/#breadcrumb\",\"itemListElement\":[{\"@type\":\"ListItem\",\"position\":1,\"name\":\"Portada\",\"item\":\"https:\/\/www.svecorp.com\/es\/\"},{\"@type\":\"ListItem\",\"position\":2,\"name\":\"Home 2023\"}]},{\"@type\":\"WebSite\",\"@id\":\"https:\/\/www.svecorp.com\/es\/#website\",\"url\":\"https:\/\/www.svecorp.com\/es\/\",\"name\":\"SVE\",\"description\":\"Safely improving control\",\"publisher\":{\"@id\":\"https:\/\/www.svecorp.com\/es\/#organization\"},\"potentialAction\":[{\"@type\":\"SearchAction\",\"target\":{\"@type\":\"EntryPoint\",\"urlTemplate\":\"https:\/\/www.svecorp.com\/es\/?s={search_term_string}\"},\"query-input\":{\"@type\":\"PropertyValueSpecification\",\"valueRequired\":true,\"valueName\":\"search_term_string\"}}],\"inLanguage\":\"es\"},{\"@type\":\"Organization\",\"@id\":\"https:\/\/www.svecorp.com\/es\/#organization\",\"name\":\"SVE Corp.\",\"url\":\"https:\/\/www.svecorp.com\/es\/\",\"logo\":{\"@type\":\"ImageObject\",\"inLanguage\":\"es\",\"@id\":\"https:\/\/www.svecorp.com\/es\/#\/schema\/logo\/image\/\",\"url\":\"https:\/\/www.svecorp.com\/wp-content\/uploads\/2023\/02\/logo-sve.png\",\"contentUrl\":\"https:\/\/www.svecorp.com\/wp-content\/uploads\/2023\/02\/logo-sve.png\",\"width\":150,\"height\":100,\"caption\":\"SVE Corp.\"},\"image\":{\"@id\":\"https:\/\/www.svecorp.com\/es\/#\/schema\/logo\/image\/\"}}]}<\/script>\n<!-- \/ Yoast SEO plugin. -->","yoast_head_json":{"title":"SVE Corp. Control Bombas y Salas de Bombas Contra Incendios","description":"Socio estrat\u00e9gico para el control de Bombas y Salas de Bombas Contra Incendios. Innovaci\u00f3n, Compromiso social, Medio ambiente, Paridad","robots":{"index":"index","follow":"follow","max-snippet":"max-snippet:-1","max-image-preview":"max-image-preview:large","max-video-preview":"max-video-preview:-1"},"canonical":"https:\/\/www.svecorp.com\/es\/","og_locale":"es_ES","og_type":"article","og_title":"SVE Corp. Control Bombas y Salas de Bombas Contra Incendios","og_description":"Socio estrat\u00e9gico para el control de Bombas y Salas de Bombas Contra Incendios. Innovaci\u00f3n, Compromiso social, Medio ambiente, Paridad","og_url":"https:\/\/www.svecorp.com\/es\/","og_site_name":"SVE","article_modified_time":"2025-11-06T08:19:09+00:00","og_image":[{"width":500,"height":500,"url":"https:\/\/www.svecorp.com\/wp-content\/uploads\/2023\/12\/minano.jpg","type":"image\/jpeg"}],"twitter_card":"summary_large_image","twitter_title":"SVE Corp. control moto-bombas innovaci\u00f3n","twitter_description":"Socio estrat\u00e9gico para el control de moto-bombas y generadores el\u00e9ctricos.","twitter_image":"https:\/\/www.svecorp.com\/wp-content\/uploads\/2023\/12\/minano.jpg","schema":{"@context":"https:\/\/schema.org","@graph":[{"@type":"WebPage","@id":"https:\/\/www.svecorp.com\/es\/","url":"https:\/\/www.svecorp.com\/es\/","name":"SVE Corp. Control Bombas y Salas de Bombas Contra Incendios","isPartOf":{"@id":"https:\/\/www.svecorp.com\/es\/#website"},"datePublished":"2023-06-30T09:24:27+00:00","dateModified":"2025-11-06T08:19:09+00:00","description":"Socio estrat\u00e9gico para el control de Bombas y Salas de Bombas Contra Incendios. Innovaci\u00f3n, Compromiso social, Medio ambiente, Paridad","breadcrumb":{"@id":"https:\/\/www.svecorp.com\/es\/#breadcrumb"},"inLanguage":"es","potentialAction":[{"@type":"ReadAction","target":["https:\/\/www.svecorp.com\/es\/"]}]},{"@type":"BreadcrumbList","@id":"https:\/\/www.svecorp.com\/es\/#breadcrumb","itemListElement":[{"@type":"ListItem","position":1,"name":"Portada","item":"https:\/\/www.svecorp.com\/es\/"},{"@type":"ListItem","position":2,"name":"Home 2023"}]},{"@type":"WebSite","@id":"https:\/\/www.svecorp.com\/es\/#website","url":"https:\/\/www.svecorp.com\/es\/","name":"SVE","description":"Safely improving control","publisher":{"@id":"https:\/\/www.svecorp.com\/es\/#organization"},"potentialAction":[{"@type":"SearchAction","target":{"@type":"EntryPoint","urlTemplate":"https:\/\/www.svecorp.com\/es\/?s={search_term_string}"},"query-input":{"@type":"PropertyValueSpecification","valueRequired":true,"valueName":"search_term_string"}}],"inLanguage":"es"},{"@type":"Organization","@id":"https:\/\/www.svecorp.com\/es\/#organization","name":"SVE Corp.","url":"https:\/\/www.svecorp.com\/es\/","logo":{"@type":"ImageObject","inLanguage":"es","@id":"https:\/\/www.svecorp.com\/es\/#\/schema\/logo\/image\/","url":"https:\/\/www.svecorp.com\/wp-content\/uploads\/2023\/02\/logo-sve.png","contentUrl":"https:\/\/www.svecorp.com\/wp-content\/uploads\/2023\/02\/logo-sve.png","width":150,"height":100,"caption":"SVE Corp."},"image":{"@id":"https:\/\/www.svecorp.com\/es\/#\/schema\/logo\/image\/"}}]}},"_links":{"self":[{"href":"https:\/\/www.svecorp.com\/es\/wp-json\/wp\/v2\/pages\/2876","targetHints":{"allow":["GET"]}}],"collection":[{"href":"https:\/\/www.svecorp.com\/es\/wp-json\/wp\/v2\/pages"}],"about":[{"href":"https:\/\/www.svecorp.com\/es\/wp-json\/wp\/v2\/types\/page"}],"author":[{"embeddable":true,"href":"https:\/\/www.svecorp.com\/es\/wp-json\/wp\/v2\/users\/1"}],"replies":[{"embeddable":true,"href":"https:\/\/www.svecorp.com\/es\/wp-json\/wp\/v2\/comments?post=2876"}],"version-history":[{"count":4,"href":"https:\/\/www.svecorp.com\/es\/wp-json\/wp\/v2\/pages\/2876\/revisions"}],"predecessor-version":[{"id":3914,"href":"https:\/\/www.svecorp.com\/es\/wp-json\/wp\/v2\/pages\/2876\/revisions\/3914"}],"wp:attachment":[{"href":"https:\/\/www.svecorp.com\/es\/wp-json\/wp\/v2\/media?parent=2876"}],"curies":[{"name":"wp","href":"https:\/\/api.w.org\/{rel}","templated":true}]}}