{"id":231,"date":"2017-11-09T09:20:19","date_gmt":"2017-11-09T09:20:19","guid":{"rendered":"http:\/\/www.svecorp.com\/?page_id=231\/"},"modified":"2023-06-23T07:28:41","modified_gmt":"2023-06-23T07:28:41","slug":"sobre-nosotros","status":"publish","type":"page","link":"https:\/\/www.svecorp.com\/es\/sobre-nosotros\/","title":{"rendered":"Empresa"},"content":{"rendered":"<p><iframe loading=\"lazy\" class=\"alignright\" src=\"https:\/\/www.youtube-nocookie.com\/embed\/XPq0fQpoGys?rel=0&amp;controls=0&amp;showinfo=0&amp;autoplay=1&amp;loop=1&amp;modestbranding=1&amp;wmode=transparent&amp;playsinline=1&amp;amb;fs=0\" width=\"560\" height=\"315\" frameborder=\"0\" allowfullscreen=\"allowfullscreen\"><\/iframe><\/p>\n<p>Jatorri, talde etniko, erlijio eta kultura guztietako <strong>gizakiak <\/strong>hemen ongi etorriak dira. Aqu\u00ed son bienvenidas las\u00a0<strong>personas<\/strong> de todas procedencias, etnias, religiones y culturas.\u00a0<strong>People<\/strong> of all origins, ethnic groups, religions, and cultures are welcome here.\u00a0\u6b22\u8fce\u5404\u79cd\u8840\u7edf\uff0c\u79cd\u65cf\uff0c\u5b97\u6559\u548c\u6587\u5316\u7684\u4eba\u6765\u8fd9\u91cc. Chez nous sont les bienvenues les <strong>personnes<\/strong> de toutes origines, ethnies, religions et cultures.\u00a0 \u062d\u0628 \u0628\u0627<strong>\u0644\u0623\u0634\u062e\u0627\u0635<\/strong> \u0645\u0646 \u062c\u0645\u064a\u0639 \u0627\u0644\u0623\u0635\u0648\u0644 \u0648\u0627\u0644\u0645\u062c\u0645\u0648\u0639\u0627\u062a \u0627\u0644\u0639\u0631\u0642\u064a\u0629 \u0648\u0627\u0644\u0623\u062f\u064a\u0627\u0646 \u0648\u0627\u0644\u062b\u0642\u0627\u0641\u0627\u062a \u0647\u0646\u0627. T\u00fcm k\u00f6kenlerden, etnik gruplardan, dinlerden ve k\u00fclt\u00fcrlerden <strong>insanlar<\/strong> burada ho\u015f kar\u015f\u0131lan\u0131rlar. Qui sono benvenute <strong>persone<\/strong> di tutte le origini, gruppi etnici, religioni e culture.\u00a0\u00a0Aqu\u00ed\u00a0s\u00e3o bem-vindas <strong>pessoas<\/strong> de todas as origens, grupos \u00e9tnicos, religi\u00f5es e culturas.<\/p>\n<h2>EMPRESA<\/h2>\n<p>Desde su creaci\u00f3n en 1982 <strong>SVE<\/strong> <strong>Corp<\/strong>. ofrece al mercado internacional la <strong>innovaci\u00f3n, conocimiento y garant\u00eda <\/strong>de sus productos y servicios impulsando el desarrollo de soluciones que evolucionan para atender a las nuevas demandas de gesti\u00f3n, control, y comunicaci\u00f3n de la <strong>industria 4.0<\/strong><\/p>\n<p><strong>SVE<\/strong> <strong>Corp<\/strong>. considera la <strong>innovaci\u00f3n <\/strong>como competencia clave de su negocio y dedica a <strong>I+D+i <\/strong>al menos el 12% de su cifra de negocio anual.<\/p>\n<p><strong>SVE<\/strong> <strong>Corp.<\/strong> mantiene transacciones comerciales estables en UK, Francia, Italia, Marruecos, Australia, Uruguay, M\u00e9xico, Portugal y Espa\u00f1a.<\/p>\n<p><strong>SVE<\/strong> <strong>Corp<\/strong>. colabora con empresas e instituciones relevantes en su sector y est\u00e1 abierta a nuevas relaciones con entidades tanto privadas como p\u00fablicas para promover acciones empresariales, de desarrollo tecnol\u00f3gico, comercial u otras que pudieran plantearse en beneficio propio y de nuestros socios. Es su misi\u00f3n la <span style=\"color: #ff0000;\"><strong>creaci\u00f3n de valor a largo plazo<\/strong><\/span> en t\u00e9rminos de soluciones y prestaciones para sus clientes, as\u00ed como la consolidaci\u00f3n de relaciones estables con proveedores estrat\u00e9gicos.<\/p>\n<h2>POLITICA DE RESPONSABILIDAD CORPORATIVA<\/h2>\n<p><strong>SVE<\/strong> entiende su responsabilidad corporativa como una funci\u00f3n estrat\u00e9gica, que persigue la <strong>sostenibilidad, la competitividad y la reputaci\u00f3n de la compa\u00f1\u00eda<\/strong>, y cuya funci\u00f3n es<span style=\"color: #000000;\"> crear valor a largo plazo pa<\/span>ra todos los p\u00fablicos de inter\u00e9s y para la propia <span style=\"color: #ff0000;\"><strong>sociedad como colectivo humano.<\/strong><\/span><\/p>\n","protected":false},"excerpt":{"rendered":"<p>Jatorri, talde etniko, erlijio eta kultura guztietako gizakiak hemen ongi etorriak dira. Aqu\u00ed son bienvenidas las\u00a0personas de todas procedencias, etnias, religiones y culturas.\u00a0People of all [&hellip;]<\/p>\n","protected":false},"author":1,"featured_media":0,"parent":0,"menu_order":0,"comment_status":"closed","ping_status":"closed","template":"","meta":{"_acf_changed":false,"footnotes":""},"class_list":["post-231","page","type-page","status-publish","hentry"],"acf":[],"yoast_head":"<!-- This site is optimized with the Yoast SEO plugin v26.7 - https:\/\/yoast.com\/wordpress\/plugins\/seo\/ -->\n<title>SVE Corp. Sobre nosotros<\/title>\n<meta name=\"description\" content=\"SVE Corp. considera la innovaci\u00f3n, competencia clave. La creaci\u00f3n de valor a largo plazo para la sociedad como colectivo humano es su misi\u00f3n\" \/>\n<meta name=\"robots\" content=\"index, follow, max-snippet:-1, max-image-preview:large, max-video-preview:-1\" \/>\n<link rel=\"canonical\" href=\"https:\/\/www.svecorp.com\/es\/sobre-nosotros\/\" \/>\n<meta property=\"og:locale\" content=\"es_ES\" \/>\n<meta property=\"og:type\" content=\"article\" \/>\n<meta property=\"og:title\" content=\"SVE Corp. Sobre nosotros\" \/>\n<meta property=\"og:description\" content=\"SVE Corp. considera la innovaci\u00f3n, competencia clave. La creaci\u00f3n de valor a largo plazo para la sociedad como colectivo humano es su misi\u00f3n\" \/>\n<meta property=\"og:url\" content=\"https:\/\/www.svecorp.com\/es\/sobre-nosotros\/\" \/>\n<meta property=\"og:site_name\" content=\"SVE\" \/>\n<meta property=\"article:modified_time\" content=\"2023-06-23T07:28:41+00:00\" \/>\n<meta property=\"og:image\" content=\"https:\/\/www.svecorp.com\/wp-content\/uploads\/2023\/12\/minano.jpg\" \/>\n\t<meta property=\"og:image:width\" content=\"500\" \/>\n\t<meta property=\"og:image:height\" content=\"500\" \/>\n\t<meta property=\"og:image:type\" content=\"image\/jpeg\" \/>\n<meta name=\"twitter:card\" content=\"summary_large_image\" \/>\n<meta name=\"twitter:label1\" content=\"Tiempo de lectura\" \/>\n\t<meta name=\"twitter:data1\" content=\"2 minutos\" \/>\n<script type=\"application\/ld+json\" class=\"yoast-schema-graph\">{\"@context\":\"https:\/\/schema.org\",\"@graph\":[{\"@type\":\"WebPage\",\"@id\":\"https:\/\/www.svecorp.com\/es\/sobre-nosotros\/\",\"url\":\"https:\/\/www.svecorp.com\/es\/sobre-nosotros\/\",\"name\":\"SVE Corp. Sobre nosotros\",\"isPartOf\":{\"@id\":\"https:\/\/www.svecorp.com\/es\/#website\"},\"datePublished\":\"2017-11-09T09:20:19+00:00\",\"dateModified\":\"2023-06-23T07:28:41+00:00\",\"description\":\"SVE Corp. considera la innovaci\u00f3n, competencia clave. La creaci\u00f3n de valor a largo plazo para la sociedad como colectivo humano es su misi\u00f3n\",\"breadcrumb\":{\"@id\":\"https:\/\/www.svecorp.com\/es\/sobre-nosotros\/#breadcrumb\"},\"inLanguage\":\"es\",\"potentialAction\":[{\"@type\":\"ReadAction\",\"target\":[\"https:\/\/www.svecorp.com\/es\/sobre-nosotros\/\"]}]},{\"@type\":\"BreadcrumbList\",\"@id\":\"https:\/\/www.svecorp.com\/es\/sobre-nosotros\/#breadcrumb\",\"itemListElement\":[{\"@type\":\"ListItem\",\"position\":1,\"name\":\"Portada\",\"item\":\"https:\/\/www.svecorp.com\/es\/\"},{\"@type\":\"ListItem\",\"position\":2,\"name\":\"Empresa\"}]},{\"@type\":\"WebSite\",\"@id\":\"https:\/\/www.svecorp.com\/es\/#website\",\"url\":\"https:\/\/www.svecorp.com\/es\/\",\"name\":\"SVE\",\"description\":\"Safely improving control\",\"publisher\":{\"@id\":\"https:\/\/www.svecorp.com\/es\/#organization\"},\"potentialAction\":[{\"@type\":\"SearchAction\",\"target\":{\"@type\":\"EntryPoint\",\"urlTemplate\":\"https:\/\/www.svecorp.com\/es\/?s={search_term_string}\"},\"query-input\":{\"@type\":\"PropertyValueSpecification\",\"valueRequired\":true,\"valueName\":\"search_term_string\"}}],\"inLanguage\":\"es\"},{\"@type\":\"Organization\",\"@id\":\"https:\/\/www.svecorp.com\/es\/#organization\",\"name\":\"SVE Corp.\",\"url\":\"https:\/\/www.svecorp.com\/es\/\",\"logo\":{\"@type\":\"ImageObject\",\"inLanguage\":\"es\",\"@id\":\"https:\/\/www.svecorp.com\/es\/#\/schema\/logo\/image\/\",\"url\":\"https:\/\/www.svecorp.com\/wp-content\/uploads\/2023\/02\/logo-sve.png\",\"contentUrl\":\"https:\/\/www.svecorp.com\/wp-content\/uploads\/2023\/02\/logo-sve.png\",\"width\":150,\"height\":100,\"caption\":\"SVE Corp.\"},\"image\":{\"@id\":\"https:\/\/www.svecorp.com\/es\/#\/schema\/logo\/image\/\"}}]}<\/script>\n<!-- \/ Yoast SEO plugin. -->","yoast_head_json":{"title":"SVE Corp. Sobre nosotros","description":"SVE Corp. considera la innovaci\u00f3n, competencia clave. La creaci\u00f3n de valor a largo plazo para la sociedad como colectivo humano es su misi\u00f3n","robots":{"index":"index","follow":"follow","max-snippet":"max-snippet:-1","max-image-preview":"max-image-preview:large","max-video-preview":"max-video-preview:-1"},"canonical":"https:\/\/www.svecorp.com\/es\/sobre-nosotros\/","og_locale":"es_ES","og_type":"article","og_title":"SVE Corp. Sobre nosotros","og_description":"SVE Corp. considera la innovaci\u00f3n, competencia clave. La creaci\u00f3n de valor a largo plazo para la sociedad como colectivo humano es su misi\u00f3n","og_url":"https:\/\/www.svecorp.com\/es\/sobre-nosotros\/","og_site_name":"SVE","article_modified_time":"2023-06-23T07:28:41+00:00","og_image":[{"width":500,"height":500,"url":"https:\/\/www.svecorp.com\/wp-content\/uploads\/2023\/12\/minano.jpg","type":"image\/jpeg"}],"twitter_card":"summary_large_image","twitter_misc":{"Tiempo de lectura":"2 minutos"},"schema":{"@context":"https:\/\/schema.org","@graph":[{"@type":"WebPage","@id":"https:\/\/www.svecorp.com\/es\/sobre-nosotros\/","url":"https:\/\/www.svecorp.com\/es\/sobre-nosotros\/","name":"SVE Corp. Sobre nosotros","isPartOf":{"@id":"https:\/\/www.svecorp.com\/es\/#website"},"datePublished":"2017-11-09T09:20:19+00:00","dateModified":"2023-06-23T07:28:41+00:00","description":"SVE Corp. considera la innovaci\u00f3n, competencia clave. La creaci\u00f3n de valor a largo plazo para la sociedad como colectivo humano es su misi\u00f3n","breadcrumb":{"@id":"https:\/\/www.svecorp.com\/es\/sobre-nosotros\/#breadcrumb"},"inLanguage":"es","potentialAction":[{"@type":"ReadAction","target":["https:\/\/www.svecorp.com\/es\/sobre-nosotros\/"]}]},{"@type":"BreadcrumbList","@id":"https:\/\/www.svecorp.com\/es\/sobre-nosotros\/#breadcrumb","itemListElement":[{"@type":"ListItem","position":1,"name":"Portada","item":"https:\/\/www.svecorp.com\/es\/"},{"@type":"ListItem","position":2,"name":"Empresa"}]},{"@type":"WebSite","@id":"https:\/\/www.svecorp.com\/es\/#website","url":"https:\/\/www.svecorp.com\/es\/","name":"SVE","description":"Safely improving control","publisher":{"@id":"https:\/\/www.svecorp.com\/es\/#organization"},"potentialAction":[{"@type":"SearchAction","target":{"@type":"EntryPoint","urlTemplate":"https:\/\/www.svecorp.com\/es\/?s={search_term_string}"},"query-input":{"@type":"PropertyValueSpecification","valueRequired":true,"valueName":"search_term_string"}}],"inLanguage":"es"},{"@type":"Organization","@id":"https:\/\/www.svecorp.com\/es\/#organization","name":"SVE Corp.","url":"https:\/\/www.svecorp.com\/es\/","logo":{"@type":"ImageObject","inLanguage":"es","@id":"https:\/\/www.svecorp.com\/es\/#\/schema\/logo\/image\/","url":"https:\/\/www.svecorp.com\/wp-content\/uploads\/2023\/02\/logo-sve.png","contentUrl":"https:\/\/www.svecorp.com\/wp-content\/uploads\/2023\/02\/logo-sve.png","width":150,"height":100,"caption":"SVE Corp."},"image":{"@id":"https:\/\/www.svecorp.com\/es\/#\/schema\/logo\/image\/"}}]}},"_links":{"self":[{"href":"https:\/\/www.svecorp.com\/es\/wp-json\/wp\/v2\/pages\/231","targetHints":{"allow":["GET"]}}],"collection":[{"href":"https:\/\/www.svecorp.com\/es\/wp-json\/wp\/v2\/pages"}],"about":[{"href":"https:\/\/www.svecorp.com\/es\/wp-json\/wp\/v2\/types\/page"}],"author":[{"embeddable":true,"href":"https:\/\/www.svecorp.com\/es\/wp-json\/wp\/v2\/users\/1"}],"replies":[{"embeddable":true,"href":"https:\/\/www.svecorp.com\/es\/wp-json\/wp\/v2\/comments?post=231"}],"version-history":[{"count":0,"href":"https:\/\/www.svecorp.com\/es\/wp-json\/wp\/v2\/pages\/231\/revisions"}],"wp:attachment":[{"href":"https:\/\/www.svecorp.com\/es\/wp-json\/wp\/v2\/media?parent=231"}],"curies":[{"name":"wp","href":"https:\/\/api.w.org\/{rel}","templated":true}]}}