{"id":2123,"date":"2022-04-20T10:33:03","date_gmt":"2022-04-20T10:33:03","guid":{"rendered":"http:\/\/www.svecorp.com\/?page_id=2123"},"modified":"2022-04-20T12:42:58","modified_gmt":"2022-04-20T12:42:58","slug":"politica-de-cookies","status":"publish","type":"page","link":"https:\/\/www.svecorp.com\/es\/politica-de-cookies\/","title":{"rendered":"Pol\u00edtica de cookies"},"content":{"rendered":"<p>Identificaci\u00f3n de nuestra empresa:<\/p>\n<p><strong>SVE S.L.<\/strong><br \/>\n<strong>Albert Einstein 36-B,<\/strong><br \/>\n<strong>Parque Tecnol\u00f3gico de Alava<\/strong><br \/>\n<strong>01510 Vitoria-Gasteiz<\/strong><br \/>\n<strong>Espa\u00f1a \/ Spain<\/strong><br \/>\n<strong>+34 943 77 00 35<\/strong><br \/>\n<strong>NIF: B20071510<\/strong><br \/>\n<strong>svecorp@svecorp.com<\/strong><\/p>\n<p><span style=\"font-weight: 400;\">Este sitio web utiliza cookies y\/o tecnolog\u00edas similares que almacenan y recuperan informaci\u00f3n cuando navegas. En general, estas tecnolog\u00edas pueden servir para finalidades muy diversas, como, por ejemplo, reconocerte como usuario, obtener informaci\u00f3n sobre tus h\u00e1bitos de navegaci\u00f3n, o personalizar la forma en que se muestra el contenido. Los usos concretos que hacemos de estas tecnolog\u00edas se describen a continuaci\u00f3n.<\/span><\/p>\n<p><strong>\u00bfQu\u00e9 son las cookies? <\/strong><\/p>\n<p><span style=\"font-weight: 400;\">Las cookies son archivos que se pueden descargar en un equipo a trav\u00e9s de las p\u00e1ginas web. Son herramientas que tienen un papel esencial para la prestaci\u00f3n de numerosos servicios de la sociedad de la informaci\u00f3n. Entre otros, permiten a un sitio web almacenar y recuperar informaci\u00f3n sobre los h\u00e1bitos de navegaci\u00f3n de un usuario o de su equipo y, dependiendo de la informaci\u00f3n obtenida, se pueden utilizar para reconocer al usuario y mejorar el servicio ofrecido.<\/span><\/p>\n<p><strong>Tipos de cookies que existen<\/strong><\/p>\n<p><span style=\"font-weight: 400;\">Se pueden distinguir dos tipos de cookies, seg\u00fan quien sea la entidad que gestione el equipo o dominio desde donde se env\u00edan las cookies y trate los datos que se obtengan:\u00a0<\/span><\/p>\n<ul>\n<li style=\"font-weight: 400;\" aria-level=\"1\"><b>Cookies propias:<\/b><span style=\"font-weight: 400;\"> aquellas que se env\u00edan al equipo terminal del usuario desde un equipo o dominio gestionado por el propio editor y desde el que se presta el servicio solicitado por el usuario.<\/span><\/li>\n<li style=\"font-weight: 400;\" aria-level=\"1\"><b>Cookies de terceros: <\/b><span style=\"font-weight: 400;\">aquellas que se env\u00edan al equipo terminal del usuario desde un equipo o dominio que no es gestionado por el editor, sino por otra entidad que trata los datos obtenidos trav\u00e9s de las cookies.<\/span><\/li>\n<\/ul>\n<p><span style=\"font-weight: 400;\">Adem\u00e1s, hablamos de <\/span><b>cookies de sesi\u00f3n<\/b><span style=\"font-weight: 400;\"> o <\/span><b>cookies permanentes<\/b><span style=\"font-weight: 400;\">, cuando se trata del plazo de tiempo que permanecen almacenadas en el navegador del cliente.<\/span><\/p>\n<ul>\n<li style=\"font-weight: 400;\" aria-level=\"1\"><b>Cookies de sesi\u00f3n<\/b><span style=\"font-weight: 400;\">: son aquellas dise\u00f1adas para recabar y almacenar datos mientras el usuario accede a una p\u00e1gina web.<\/span><\/li>\n<li style=\"font-weight: 400;\" aria-level=\"1\"><b>Cookies persistentes<\/b><span style=\"font-weight: 400;\">: son aquellas en las que los datos siguen almacenados en el terminal y pueden ser accedidos y tratados durante un periodo definido por el responsable de la cookie, y que puede ir de unos minutos a varios a\u00f1os.<\/span><\/li>\n<\/ul>\n<p><span style=\"font-weight: 400;\">Por \u00faltimo, existe otra clasificaci\u00f3n con cuatro tipos de cookies seg\u00fan la finalidad para la que se traten los datos obtenidos: cookies t\u00e9cnicas, cookies de personalizaci\u00f3n, cookies de an\u00e1lisis, cookies de publicidad comportamental.<\/span><\/p>\n<ul>\n<li style=\"font-weight: 400;\" aria-level=\"1\"><b>Cookies t\u00e9cnicas<\/b><span style=\"font-weight: 400;\">: Son aquellas Cookies estrictamente necesarias para la navegaci\u00f3n por el Sitio Web, ya que facilitan al usuario la utilizaci\u00f3n de sus prestaciones o herramientas como, por ejemplo, identificar la sesi\u00f3n, acceder a partes de acceso restringido, almacenar contenidos para la difusi\u00f3n de videos o sonido, configurar el idioma, entre otros. La desactivaci\u00f3n de estas cookies impide el funcionamiento correcto de algunas de las funcionalidades de la web.<\/span><\/li>\n<li style=\"font-weight: 400;\" aria-level=\"1\"><b>Cookies de preferencias o personalizaci\u00f3n<\/b><span style=\"font-weight: 400;\">: son aquellas que permiten recordar informaci\u00f3n para que el usuario acceda al servicio con determinadas caracter\u00edsticas que pueden diferenciar su experiencia de la de otros usuarios, como, por ejemplo, el idioma, el n\u00famero de resultados a mostrar cuando el usuario realiza una b\u00fasqueda, el aspecto o contenido del servicio en funci\u00f3n del tipo de navegador a trav\u00e9s del cual el usuario accede al servicio o de la regi\u00f3n desde la que accede al servicio, etc.\u00a0<\/span><\/li>\n<li style=\"font-weight: 400;\" aria-level=\"1\"><b>Cookies de an\u00e1lisis o medici\u00f3n<\/b><span style=\"font-weight: 400;\">: Son aquellas Cookies que permiten al responsable de las mismas, el seguimiento y an\u00e1lisis del comportamiento de los usuarios de las p\u00e1ginas web a las que est\u00e1n vinculadas. La informaci\u00f3n recogida mediante este tipo de cookies se utiliza en la medici\u00f3n de la actividad del sitio web y para la elaboraci\u00f3n de perfiles de navegaci\u00f3n de los usuarios, con el fin de introducir mejoras en funci\u00f3n del an\u00e1lisis de los datos de uso que hacen los usuarios del servicio.<\/span><\/li>\n<li><b>Cookies de publicidad comportamental<\/b><span style=\"font-weight: 400;\">: son aquellas que almacenan informaci\u00f3n del comportamiento de los usuarios obtenida a trav\u00e9s de la observaci\u00f3n continuada de sus h\u00e1bitos de navegaci\u00f3n, lo que permite desarrollar un perfil espec\u00edfico para mostrar publicidad en funci\u00f3n del mismo. Estas cookies obtienen informaci\u00f3n de la navegaci\u00f3n del usuario para gestionar espacios publicitarios y ofrecer un contenido m\u00e1s relevante y de calidad para el usuario a partir de un an\u00e1lisis de sus gustos y preferencias.<\/span><\/li>\n<\/ul>\n<p><span style=\"font-weight: 400;\">En definitiva, a trav\u00e9s de la anal\u00edtica web se obtiene informaci\u00f3n relativa al n\u00famero de usuarios que acceden a la web, el n\u00famero de p\u00e1ginas vistas, la frecuencia y repetici\u00f3n de las visitas, su duraci\u00f3n, el navegador utilizado, el operador que presta el servicio, el idioma, el terminal que utiliza, o la ciudad a la que est\u00e1 asignada su direcci\u00f3n IP.\u00a0 Esta informaci\u00f3n posibilita un mejor y m\u00e1s apropiado servicio por parte de este sitio web.\u00a0<\/span><\/p>\n<p><strong>Tipos de cookies que se utilizan en esta p\u00e1gina<\/strong><\/p>\n<ul>\n<li aria-level=\"1\"><b>Cookies t\u00e9cnicas<\/b><\/li>\n<\/ul>\n<table>\n<tbody>\n<tr>\n<td><b>NOMBRE COOKIE<\/b><\/td>\n<td><b>FINALIDAD<\/b><\/td>\n<td><b>TIPO<\/b><\/td>\n<td><b>TITULARIDAD<\/b><\/td>\n<td><b>DURACI\u00d3N<\/b><\/td>\n<\/tr>\n<tr>\n<td><span style=\"font-weight: 400;\">PHPSESSID<\/span><\/td>\n<td><span style=\"font-weight: 400;\">Esta cookie es la proporcionada por PHP y est\u00e1 destinada a identificar las sesiones para diferenciar las sesiones de los diferentes usuarios. Esta cookie es imprescindible (estrictamente necesaria) para prestar los servicios que se prestan en la web.<\/span><\/td>\n<td><span style=\"font-weight: 400;\">Cookie t\u00e9cnica<\/span><\/td>\n<td><span style=\"font-weight: 400;\">De la propia entidad<\/span><\/td>\n<td><span style=\"font-weight: 400;\">Sesi\u00f3n<\/span><\/td>\n<\/tr>\n<tr>\n<td><span style=\"font-weight: 400;\">_icl_current_language<\/span><\/td>\n<td><span style=\"font-weight: 400;\">Esta cookie es la proporcionada por PHP y est\u00e1 destinada a identificar las sesiones para diferenciar las sesiones de los diferentes usuarios. Esta cookie es imprescindible (estrictamente necesaria) para la prestaci\u00f3n de los servicios que se prestan en la web.<\/span><\/td>\n<td><span style=\"font-weight: 400;\">Cookie t\u00e9cnica<\/span><\/td>\n<td><span style=\"font-weight: 400;\">De la propia entidad<\/span><\/td>\n<td><\/td>\n<\/tr>\n<\/tbody>\n<\/table>\n<ul>\n<li aria-level=\"1\"><b>Cookies anal\u00edticas<\/b><\/li>\n<\/ul>\n<p>&nbsp;<\/p>\n<table>\n<tbody>\n<tr>\n<td><b>NOMBRE COOKIE<\/b><\/td>\n<td><b>FINALIDAD<\/b><\/td>\n<td><b>TIPO<\/b><\/td>\n<td><b>TITULARIDAD<\/b><\/td>\n<td><b>DURACI\u00d3N<\/b><\/td>\n<\/tr>\n<tr>\n<td><span style=\"font-weight: 400;\">_gid<\/span><\/td>\n<td><span style=\"font-weight: 400;\">Diferenciar usuarios.<\/span><\/td>\n<td><span style=\"font-weight: 400;\">Cookie anal\u00edtica<\/span><\/td>\n<td><a href=\"https:\/\/policies.google.com\/technologies\/cookies?hl=es\"><span style=\"font-weight: 400;\">Google<\/span><\/a><span style=\"font-weight: 400;\"> (Google Analytics)<\/span><\/td>\n<td><span style=\"font-weight: 400;\">Permanente (24 horas)<\/span><\/td>\n<\/tr>\n<tr>\n<td><span style=\"font-weight: 400;\">_ga<\/span><\/td>\n<td><span style=\"font-weight: 400;\">Su funci\u00f3n es controlar visitas \u00fanicas. La primera vez que el usuario-a acceda a la web a trav\u00e9s de un navegador, se instalar\u00e1 esta cookie. Cuando este usuario-a vuelva a entrar en la red con el mismo navegador, la cookie tendr\u00e1 en cuenta que es el mismo usuario. S\u00f3lo en el caso de que el usuario cambie de navegador, lo entender\u00e1 si fuera otro usuario-a.<\/span><\/td>\n<td><span style=\"font-weight: 400;\">Cookie anal\u00edtica<\/span><\/td>\n<td><a href=\"https:\/\/policies.google.com\/technologies\/cookies?hl=es\"><span style=\"font-weight: 400;\">Google<\/span><\/a><span style=\"font-weight: 400;\"> (Google Analytics)<\/span><\/td>\n<td><span style=\"font-weight: 400;\">Permanente (2 a\u00f1os)<\/span><\/td>\n<\/tr>\n<tr>\n<td><span style=\"font-weight: 400;\">_gat\u00a0\u00a0<\/span><\/td>\n<td><span style=\"font-weight: 400;\">Limitar el porcentaje de pedidos.<\/span><\/td>\n<td><span style=\"font-weight: 400;\">Cookie anal\u00edtica<\/span><\/td>\n<td><a href=\"https:\/\/policies.google.com\/technologies\/cookies?hl=es\"><span style=\"font-weight: 400;\">Google<\/span><\/a><span style=\"font-weight: 400;\"> (Google Analytics)<\/span><\/td>\n<td><span style=\"font-weight: 400;\">1 minuto<\/span><\/td>\n<\/tr>\n<\/tbody>\n<\/table>\n<p><b>Consentimiento y configuraci\u00f3n de cookies<\/b><\/p>\n<p><span style=\"font-weight: 400;\">Si no est\u00e1s de acuerdo con que las \u201ccookies\u201d descritas puedan recopilar la informaci\u00f3n mencionada, puedes rechazar su instalaci\u00f3n en el panel de configuraci\u00f3n de cookies de esta web. Este panel es accesible desde la ventana emergente de Aceptaci\u00f3n\/ Configuraci\u00f3n de cookies la primera vez que accedes a la web y, una vez que ya las has configurado, desde la pesta\u00f1a de \u201cPol\u00edtica de cookies\u201d, que permanece en la esquina inferior derecha de la web.<\/span><\/p>\n<p><span style=\"font-weight: 400;\">As\u00ed mismo, los navegadores disponen de sus propias herramientas para bloquear de forma general las \u201ccookies\u201d de las distintas p\u00e1ginas webs. En los siguientes enlaces puedes consultar la forma de configurar estas opciones en los navegadores m\u00e1s habituales\u00a0<\/span><\/p>\n<ul>\n<li style=\"font-weight: 400;\" aria-level=\"1\"><a href=\"https:\/\/support.google.com\/chrome\/answer\/95647?hl=es\"><span style=\"font-weight: 400;\">Google<\/span><span style=\"font-weight: 400;\"> Chrome<\/span><\/a><\/li>\n<li style=\"font-weight: 400;\" aria-level=\"1\"><a href=\"http:\/\/windows.microsoft.com\/es-es\/internet-explorer\/delete-manage-cookies#ie=ie-11-win-7\"><span style=\"font-weight: 400;\">Internet Explorer<\/span><\/a><\/li>\n<li style=\"font-weight: 400;\" aria-level=\"1\"><a href=\"https:\/\/support.mozilla.org\/es\/kb\/habilitar-y-deshabilitar-cookies-sitios-web-rastrear-preferencias\"><span style=\"font-weight: 400;\">Mozilla Firefox<\/span><\/a><\/li>\n<li style=\"font-weight: 400;\" aria-level=\"1\"><a href=\"https:\/\/support.apple.com\/es-es\/HT201265\"><span style=\"font-weight: 400;\">Safari para IPhone, IPad, IPod<\/span><\/a><\/li>\n<li style=\"font-weight: 400;\" aria-level=\"1\"><a href=\"http:\/\/help.opera.com\/Windows\/8.54\/es-ES\/index.html\"><span style=\"font-weight: 400;\">Opera<\/span><\/a><\/li>\n<\/ul>\n<p><span style=\"font-weight: 400;\">En el caso de dispositivos m\u00f3viles, tambi\u00e9n es habitual que el navegador disponga de estas opciones en el apartado de Ajustes.<\/span><\/p>\n<p><b>Ampliar informaci\u00f3n y ejercicios de derechos<\/b><\/p>\n<p><span style=\"font-weight: 400;\">La presente Pol\u00edtica de Cookies podr\u00e1 ser modificada en funci\u00f3n de nuevas exigencias legales o con la finalidad de adaptar dicha pol\u00edtica a las instrucciones dictadas por las Autoridades de Control por lo que se aconseja a los usuarios que la visiten peri\u00f3dicamente.\u00a0<\/span><\/p>\n<p><span style=\"font-weight: 400;\">Si el usuario desea realizar alguna consulta sobre la Pol\u00edtica de Cookies del Sitio Web, puede contactar en la siguiente direcci\u00f3n\u00a0<strong>svecorp@svecorp.com<\/strong><\/span><\/p>\n<p><span style=\"font-weight: 400;\">Puede consultar informaci\u00f3n sobre el tratamiento de sus datos personales en nuestra <\/span><a href=\"https:\/\/www.svecorp.com\/es\/privacidad\/\"><span style=\"font-weight: 400;\">Pol\u00edtica de Privacidad.<\/span><\/a><\/p>\n","protected":false},"excerpt":{"rendered":"<p>Identificaci\u00f3n de nuestra empresa: SVE S.L. Albert Einstein 36-B, Parque Tecnol\u00f3gico de Alava 01510 Vitoria-Gasteiz Espa\u00f1a \/ Spain +34 943 77 00 35 NIF: B20071510 [&hellip;]<\/p>\n","protected":false},"author":1,"featured_media":0,"parent":0,"menu_order":0,"comment_status":"closed","ping_status":"closed","template":"","meta":{"_acf_changed":false,"footnotes":""},"class_list":["post-2123","page","type-page","status-publish","hentry"],"acf":[],"yoast_head":"<!-- This site is optimized with the Yoast SEO plugin v26.7 - https:\/\/yoast.com\/wordpress\/plugins\/seo\/ -->\n<title>Pol\u00edtica de cookies - SVE<\/title>\n<meta name=\"robots\" content=\"index, follow, max-snippet:-1, max-image-preview:large, max-video-preview:-1\" \/>\n<link rel=\"canonical\" href=\"https:\/\/www.svecorp.com\/es\/politica-de-cookies\/\" \/>\n<meta property=\"og:locale\" content=\"es_ES\" \/>\n<meta property=\"og:type\" content=\"article\" \/>\n<meta property=\"og:title\" content=\"Pol\u00edtica de cookies - SVE\" \/>\n<meta property=\"og:description\" content=\"Identificaci\u00f3n de nuestra empresa: SVE S.L. Albert Einstein 36-B, Parque Tecnol\u00f3gico de Alava 01510 Vitoria-Gasteiz Espa\u00f1a \/ Spain +34 943 77 00 35 NIF: B20071510 [&hellip;]\" \/>\n<meta property=\"og:url\" content=\"https:\/\/www.svecorp.com\/es\/politica-de-cookies\/\" \/>\n<meta property=\"og:site_name\" content=\"SVE\" \/>\n<meta property=\"article:modified_time\" content=\"2022-04-20T12:42:58+00:00\" \/>\n<meta property=\"og:image\" content=\"https:\/\/www.svecorp.com\/wp-content\/uploads\/2023\/12\/minano.jpg\" \/>\n\t<meta property=\"og:image:width\" content=\"500\" \/>\n\t<meta property=\"og:image:height\" content=\"500\" \/>\n\t<meta property=\"og:image:type\" content=\"image\/jpeg\" \/>\n<meta name=\"twitter:card\" content=\"summary_large_image\" \/>\n<meta name=\"twitter:label1\" content=\"Tiempo de lectura\" \/>\n\t<meta name=\"twitter:data1\" content=\"7 minutos\" \/>\n<script type=\"application\/ld+json\" class=\"yoast-schema-graph\">{\"@context\":\"https:\/\/schema.org\",\"@graph\":[{\"@type\":\"WebPage\",\"@id\":\"https:\/\/www.svecorp.com\/es\/politica-de-cookies\/\",\"url\":\"https:\/\/www.svecorp.com\/es\/politica-de-cookies\/\",\"name\":\"Pol\u00edtica de cookies - SVE\",\"isPartOf\":{\"@id\":\"https:\/\/www.svecorp.com\/es\/#website\"},\"datePublished\":\"2022-04-20T10:33:03+00:00\",\"dateModified\":\"2022-04-20T12:42:58+00:00\",\"breadcrumb\":{\"@id\":\"https:\/\/www.svecorp.com\/es\/politica-de-cookies\/#breadcrumb\"},\"inLanguage\":\"es\",\"potentialAction\":[{\"@type\":\"ReadAction\",\"target\":[\"https:\/\/www.svecorp.com\/es\/politica-de-cookies\/\"]}]},{\"@type\":\"BreadcrumbList\",\"@id\":\"https:\/\/www.svecorp.com\/es\/politica-de-cookies\/#breadcrumb\",\"itemListElement\":[{\"@type\":\"ListItem\",\"position\":1,\"name\":\"Portada\",\"item\":\"https:\/\/www.svecorp.com\/es\/\"},{\"@type\":\"ListItem\",\"position\":2,\"name\":\"Pol\u00edtica de cookies\"}]},{\"@type\":\"WebSite\",\"@id\":\"https:\/\/www.svecorp.com\/es\/#website\",\"url\":\"https:\/\/www.svecorp.com\/es\/\",\"name\":\"SVE\",\"description\":\"Safely improving control\",\"publisher\":{\"@id\":\"https:\/\/www.svecorp.com\/es\/#organization\"},\"potentialAction\":[{\"@type\":\"SearchAction\",\"target\":{\"@type\":\"EntryPoint\",\"urlTemplate\":\"https:\/\/www.svecorp.com\/es\/?s={search_term_string}\"},\"query-input\":{\"@type\":\"PropertyValueSpecification\",\"valueRequired\":true,\"valueName\":\"search_term_string\"}}],\"inLanguage\":\"es\"},{\"@type\":\"Organization\",\"@id\":\"https:\/\/www.svecorp.com\/es\/#organization\",\"name\":\"SVE Corp.\",\"url\":\"https:\/\/www.svecorp.com\/es\/\",\"logo\":{\"@type\":\"ImageObject\",\"inLanguage\":\"es\",\"@id\":\"https:\/\/www.svecorp.com\/es\/#\/schema\/logo\/image\/\",\"url\":\"https:\/\/www.svecorp.com\/wp-content\/uploads\/2023\/02\/logo-sve.png\",\"contentUrl\":\"https:\/\/www.svecorp.com\/wp-content\/uploads\/2023\/02\/logo-sve.png\",\"width\":150,\"height\":100,\"caption\":\"SVE Corp.\"},\"image\":{\"@id\":\"https:\/\/www.svecorp.com\/es\/#\/schema\/logo\/image\/\"}}]}<\/script>\n<!-- \/ Yoast SEO plugin. -->","yoast_head_json":{"title":"Pol\u00edtica de cookies - SVE","robots":{"index":"index","follow":"follow","max-snippet":"max-snippet:-1","max-image-preview":"max-image-preview:large","max-video-preview":"max-video-preview:-1"},"canonical":"https:\/\/www.svecorp.com\/es\/politica-de-cookies\/","og_locale":"es_ES","og_type":"article","og_title":"Pol\u00edtica de cookies - SVE","og_description":"Identificaci\u00f3n de nuestra empresa: SVE S.L. Albert Einstein 36-B, Parque Tecnol\u00f3gico de Alava 01510 Vitoria-Gasteiz Espa\u00f1a \/ Spain +34 943 77 00 35 NIF: B20071510 [&hellip;]","og_url":"https:\/\/www.svecorp.com\/es\/politica-de-cookies\/","og_site_name":"SVE","article_modified_time":"2022-04-20T12:42:58+00:00","og_image":[{"width":500,"height":500,"url":"https:\/\/www.svecorp.com\/wp-content\/uploads\/2023\/12\/minano.jpg","type":"image\/jpeg"}],"twitter_card":"summary_large_image","twitter_misc":{"Tiempo de lectura":"7 minutos"},"schema":{"@context":"https:\/\/schema.org","@graph":[{"@type":"WebPage","@id":"https:\/\/www.svecorp.com\/es\/politica-de-cookies\/","url":"https:\/\/www.svecorp.com\/es\/politica-de-cookies\/","name":"Pol\u00edtica de cookies - SVE","isPartOf":{"@id":"https:\/\/www.svecorp.com\/es\/#website"},"datePublished":"2022-04-20T10:33:03+00:00","dateModified":"2022-04-20T12:42:58+00:00","breadcrumb":{"@id":"https:\/\/www.svecorp.com\/es\/politica-de-cookies\/#breadcrumb"},"inLanguage":"es","potentialAction":[{"@type":"ReadAction","target":["https:\/\/www.svecorp.com\/es\/politica-de-cookies\/"]}]},{"@type":"BreadcrumbList","@id":"https:\/\/www.svecorp.com\/es\/politica-de-cookies\/#breadcrumb","itemListElement":[{"@type":"ListItem","position":1,"name":"Portada","item":"https:\/\/www.svecorp.com\/es\/"},{"@type":"ListItem","position":2,"name":"Pol\u00edtica de cookies"}]},{"@type":"WebSite","@id":"https:\/\/www.svecorp.com\/es\/#website","url":"https:\/\/www.svecorp.com\/es\/","name":"SVE","description":"Safely improving control","publisher":{"@id":"https:\/\/www.svecorp.com\/es\/#organization"},"potentialAction":[{"@type":"SearchAction","target":{"@type":"EntryPoint","urlTemplate":"https:\/\/www.svecorp.com\/es\/?s={search_term_string}"},"query-input":{"@type":"PropertyValueSpecification","valueRequired":true,"valueName":"search_term_string"}}],"inLanguage":"es"},{"@type":"Organization","@id":"https:\/\/www.svecorp.com\/es\/#organization","name":"SVE Corp.","url":"https:\/\/www.svecorp.com\/es\/","logo":{"@type":"ImageObject","inLanguage":"es","@id":"https:\/\/www.svecorp.com\/es\/#\/schema\/logo\/image\/","url":"https:\/\/www.svecorp.com\/wp-content\/uploads\/2023\/02\/logo-sve.png","contentUrl":"https:\/\/www.svecorp.com\/wp-content\/uploads\/2023\/02\/logo-sve.png","width":150,"height":100,"caption":"SVE Corp."},"image":{"@id":"https:\/\/www.svecorp.com\/es\/#\/schema\/logo\/image\/"}}]}},"_links":{"self":[{"href":"https:\/\/www.svecorp.com\/es\/wp-json\/wp\/v2\/pages\/2123","targetHints":{"allow":["GET"]}}],"collection":[{"href":"https:\/\/www.svecorp.com\/es\/wp-json\/wp\/v2\/pages"}],"about":[{"href":"https:\/\/www.svecorp.com\/es\/wp-json\/wp\/v2\/types\/page"}],"author":[{"embeddable":true,"href":"https:\/\/www.svecorp.com\/es\/wp-json\/wp\/v2\/users\/1"}],"replies":[{"embeddable":true,"href":"https:\/\/www.svecorp.com\/es\/wp-json\/wp\/v2\/comments?post=2123"}],"version-history":[{"count":0,"href":"https:\/\/www.svecorp.com\/es\/wp-json\/wp\/v2\/pages\/2123\/revisions"}],"wp:attachment":[{"href":"https:\/\/www.svecorp.com\/es\/wp-json\/wp\/v2\/media?parent=2123"}],"curies":[{"name":"wp","href":"https:\/\/api.w.org\/{rel}","templated":true}]}}