{"id":1073,"date":"2018-06-13T14:58:26","date_gmt":"2018-06-13T14:58:26","guid":{"rendered":"http:\/\/www.svecorp.com\/politica-de-calidad\/"},"modified":"2025-01-09T09:20:36","modified_gmt":"2025-01-09T09:20:36","slug":"politica-de-calidad","status":"publish","type":"page","link":"https:\/\/www.svecorp.com\/es\/politica-de-calidad\/","title":{"rendered":"Pol\u00edtica de calidad"},"content":{"rendered":"<p class=\"alignnone\"><img loading=\"lazy\" decoding=\"async\" class=\"wp-image-3389 alignright\" src=\"https:\/\/www.svecorp.com\/wp-content\/uploads\/2025\/01\/1732874533634-1024x536.jpg\" alt=\"\" width=\"684\" height=\"358\" srcset=\"https:\/\/www.svecorp.com\/wp-content\/uploads\/2025\/01\/1732874533634-1024x536.jpg 1024w, https:\/\/www.svecorp.com\/wp-content\/uploads\/2025\/01\/1732874533634-500x262.jpg 500w, https:\/\/www.svecorp.com\/wp-content\/uploads\/2025\/01\/1732874533634-768x402.jpg 768w, https:\/\/www.svecorp.com\/wp-content\/uploads\/2025\/01\/1732874533634.jpg 1200w\" sizes=\"auto, (max-width: 684px) 100vw, 684px\" \/><\/p>\n<p><strong>SVE Corp<\/strong>. dedicada al <strong>\u201cdise\u00f1o, desarrollo, fabricaci\u00f3n y venta de: productos de control para equipos de generaci\u00f3n y bombeo; y desarrollo, distribuci\u00f3n y soporte de software y firmware para los entornos industriales asociados\u201d <\/strong>asume los siguientes principios que conforman su <strong>POL\u00cdTICA DE GESTI\u00d3N INTEGRADA<\/strong>, concretados en:<\/p>\n<ul>\n<li>Obtener la <strong>CALIDAD<\/strong> en la realizaci\u00f3n de sus actividades y desarrollo de sus trabajos alcanzando la m\u00e1xima SATISFACCI\u00d3N de nuestros CLIENTES mediante la implantaci\u00f3n y mantenimiento de un sistema de gesti\u00f3n de la calidad conforme a la norma <strong>ISO 9001:2015.<\/strong><\/li>\n<li>El <strong>RESPETO AL MEDIO AMBIENTE<\/strong>. Siendo conscientes de los principales impactos ambientales generados por nuestras actividades y actuando en consecuencia, asumiendo el compromiso de ELIMINACI\u00d3N DE LA CONTAMINACI\u00d3N y el DA\u00d1O AL MEDIO AMBIENTE, a trav\u00e9s del sistema de gesti\u00f3n ambiental implantado conforme a la norma I<strong>SO 14001:2015.<\/strong><\/li>\n<li>La <strong>GESTI\u00d3N DE LA SEGURIDAD Y SALUD EN EL TRABAJO<\/strong>, como principio b\u00e1sico para el control de nuestros riesgos, y el mejor desempe\u00f1o de la seguridad y la salud de las personas que cada d\u00eda trabajamos en la empresa, asumiendo el compromiso de PREVENIR LESIONES Y DETERIORO DE LA SALUD relacionados con el trabajo, para lo que implantamos y mantenemos un Sistema de Gesti\u00f3n conforme a la norma <strong>ISO 45001:2018.<\/strong><\/li>\n<\/ul>\n<p>En relaci\u00f3n a estos principios, y para el \u00f3ptimo desarrollo de los mismos:<\/p>\n<ul>\n<li>Adquirimos el compromiso de cumplir no s\u00f3lo con los nuestros REQUISITOS VOLUNTARIOS sino con los de nuestros clientes, los legales y los reglamentarios, tanto en el \u00e1mbito de la calidad, como especialmente en los relacionados con los aspectos ambientales y riesgos laborales en el desempe\u00f1o de nuestras actividades y servicios, manteniendo una actitud de permanente vigilancia y adecuaci\u00f3n de los mismos.<\/li>\n<li>Fomentamos la PARTICIPACI\u00d3N del personal en el sistema de gesti\u00f3n, y establecemos acciones que vayan en la direcci\u00f3n de conseguir aumentar la MOTIVACI\u00d3N de los empleados, su FORMACI\u00d3N, como elemento b\u00e1sico de permanente actualizaci\u00f3n y adaptaci\u00f3n, su IMPLICACI\u00d3N y la COMUNICACI\u00d3N entre los distintos integrantes de la organizaci\u00f3n, incluyendo la CONSULTA peri\u00f3dica de sus integrantes.<\/li>\n<li>Integramos criterios de CALIDAD, MEDIO AMBIENTE Y SEGURIDAD desde la planificaci\u00f3n, al desarrollo, ejecuci\u00f3n, seguimiento y revisi\u00f3n de todos nuestros procesos de gesti\u00f3n.<\/li>\n<li>Utilizamos el SISTEMA DE GESTI\u00d3N como principal herramienta para implementar estos principios y mejorar la eficiencia de nuestra organizaci\u00f3n.<\/li>\n<li>Adquirimos el compromiso de una gesti\u00f3n continua que trate de ELIMINAR LOS PELIGROS y REDUCIR LOS RIESGOS para la salud de nuestros trabajadores, as\u00ed como de terceras personas que puedan verse afectadas por nuestra actividad.<\/li>\n<\/ul>\n<p>&nbsp;<\/p>\n<p>Esta Pol\u00edtica Integrada de gesti\u00f3n es:<\/p>\n<ul>\n<li>Aprobada por la Direcci\u00f3n de SVE Corp. expresando as\u00ed su compromiso con la mejora continua y con la Calidad, Medio Ambiente y Seguridad y Salud en el trabajo; as\u00ed como compromiso de proveer de los recursos necesarios para el buen funcionamiento del sistema.<\/li>\n<li>Revisada peri\u00f3dicamente, al menos en cada una de las Revisiones por la Direcci\u00f3n efectuadas anualmente.<\/li>\n<li>Comunicada a todo el personal, asegur\u00e1ndose que es entendida, y a partes interesadas, as\u00ed como a p\u00fablico que la solicite.<\/li>\n<li>El marco de referencia para el establecimiento y revisi\u00f3n de los objetivos de mejora planteados por la organizaci\u00f3n, cuyo seguimiento permita valorar la eficacia del sistema de gesti\u00f3n integrado.<\/li>\n<\/ul>\n<p>&nbsp;<\/p>\n<p>Direcci\u00f3n SVE Corp.<\/p>\n<p>Fecha Aprobaci\u00f3n: 10\/01\/2020<\/p>\n<p>&nbsp;<\/p>\n","protected":false},"excerpt":{"rendered":"<p>SVE Corp. dedicada al \u201cdise\u00f1o, desarrollo, fabricaci\u00f3n y venta de: productos de control para equipos de generaci\u00f3n y bombeo; y desarrollo, distribuci\u00f3n y soporte de [&hellip;]<\/p>\n","protected":false},"author":2,"featured_media":3010,"parent":0,"menu_order":0,"comment_status":"closed","ping_status":"closed","template":"","meta":{"_acf_changed":false,"footnotes":""},"class_list":["post-1073","page","type-page","status-publish","has-post-thumbnail","hentry"],"acf":[],"yoast_head":"<!-- This site is optimized with the Yoast SEO plugin v26.7 - https:\/\/yoast.com\/wordpress\/plugins\/seo\/ -->\n<title>Pol\u00edtica de calidad - SVE<\/title>\n<meta name=\"description\" content=\"S.V.E, S.L se dedica al \u201cDise\u00f1o, desarrollo, fabricaci\u00f3n y venta de productos de control para equipos de generaci\u00f3n y bombeo&quot;\" \/>\n<meta name=\"robots\" content=\"index, follow, max-snippet:-1, max-image-preview:large, max-video-preview:-1\" \/>\n<link rel=\"canonical\" href=\"https:\/\/www.svecorp.com\/es\/politica-de-calidad\/\" \/>\n<meta property=\"og:locale\" content=\"es_ES\" \/>\n<meta property=\"og:type\" content=\"article\" \/>\n<meta property=\"og:title\" content=\"Pol\u00edtica de calidad - SVE\" \/>\n<meta property=\"og:description\" content=\"S.V.E, S.L se dedica al \u201cDise\u00f1o, desarrollo, fabricaci\u00f3n y venta de productos de control para equipos de generaci\u00f3n y bombeo&quot;\" \/>\n<meta property=\"og:url\" content=\"https:\/\/www.svecorp.com\/es\/politica-de-calidad\/\" \/>\n<meta property=\"og:site_name\" content=\"SVE\" \/>\n<meta property=\"article:modified_time\" content=\"2025-01-09T09:20:36+00:00\" \/>\n<meta property=\"og:image\" content=\"https:\/\/www.svecorp.com\/wp-content\/uploads\/2023\/12\/minano.jpg\" \/>\n\t<meta property=\"og:image:width\" content=\"500\" \/>\n\t<meta property=\"og:image:height\" content=\"500\" \/>\n\t<meta property=\"og:image:type\" content=\"image\/jpeg\" \/>\n<meta name=\"twitter:card\" content=\"summary_large_image\" \/>\n<meta name=\"twitter:label1\" content=\"Tiempo de lectura\" \/>\n\t<meta name=\"twitter:data1\" content=\"3 minutos\" \/>\n<script type=\"application\/ld+json\" class=\"yoast-schema-graph\">{\"@context\":\"https:\/\/schema.org\",\"@graph\":[{\"@type\":\"WebPage\",\"@id\":\"https:\/\/www.svecorp.com\/es\/politica-de-calidad\/\",\"url\":\"https:\/\/www.svecorp.com\/es\/politica-de-calidad\/\",\"name\":\"Pol\u00edtica de calidad - SVE\",\"isPartOf\":{\"@id\":\"https:\/\/www.svecorp.com\/es\/#website\"},\"primaryImageOfPage\":{\"@id\":\"https:\/\/www.svecorp.com\/es\/politica-de-calidad\/#primaryimage\"},\"image\":{\"@id\":\"https:\/\/www.svecorp.com\/es\/politica-de-calidad\/#primaryimage\"},\"thumbnailUrl\":\"https:\/\/www.svecorp.com\/wp-content\/uploads\/2023\/10\/Combinado-ES-pdf.jpg\",\"datePublished\":\"2018-06-13T14:58:26+00:00\",\"dateModified\":\"2025-01-09T09:20:36+00:00\",\"description\":\"S.V.E, S.L se dedica al \u201cDise\u00f1o, desarrollo, fabricaci\u00f3n y venta de productos de control para equipos de generaci\u00f3n y bombeo\\\"\",\"breadcrumb\":{\"@id\":\"https:\/\/www.svecorp.com\/es\/politica-de-calidad\/#breadcrumb\"},\"inLanguage\":\"es\",\"potentialAction\":[{\"@type\":\"ReadAction\",\"target\":[\"https:\/\/www.svecorp.com\/es\/politica-de-calidad\/\"]}]},{\"@type\":\"ImageObject\",\"inLanguage\":\"es\",\"@id\":\"https:\/\/www.svecorp.com\/es\/politica-de-calidad\/#primaryimage\",\"url\":\"https:\/\/www.svecorp.com\/wp-content\/uploads\/2023\/10\/Combinado-ES-pdf.jpg\",\"contentUrl\":\"https:\/\/www.svecorp.com\/wp-content\/uploads\/2023\/10\/Combinado-ES-pdf.jpg\"},{\"@type\":\"BreadcrumbList\",\"@id\":\"https:\/\/www.svecorp.com\/es\/politica-de-calidad\/#breadcrumb\",\"itemListElement\":[{\"@type\":\"ListItem\",\"position\":1,\"name\":\"Portada\",\"item\":\"https:\/\/www.svecorp.com\/es\/\"},{\"@type\":\"ListItem\",\"position\":2,\"name\":\"Pol\u00edtica de calidad\"}]},{\"@type\":\"WebSite\",\"@id\":\"https:\/\/www.svecorp.com\/es\/#website\",\"url\":\"https:\/\/www.svecorp.com\/es\/\",\"name\":\"SVE\",\"description\":\"Safely improving control\",\"publisher\":{\"@id\":\"https:\/\/www.svecorp.com\/es\/#organization\"},\"potentialAction\":[{\"@type\":\"SearchAction\",\"target\":{\"@type\":\"EntryPoint\",\"urlTemplate\":\"https:\/\/www.svecorp.com\/es\/?s={search_term_string}\"},\"query-input\":{\"@type\":\"PropertyValueSpecification\",\"valueRequired\":true,\"valueName\":\"search_term_string\"}}],\"inLanguage\":\"es\"},{\"@type\":\"Organization\",\"@id\":\"https:\/\/www.svecorp.com\/es\/#organization\",\"name\":\"SVE Corp.\",\"url\":\"https:\/\/www.svecorp.com\/es\/\",\"logo\":{\"@type\":\"ImageObject\",\"inLanguage\":\"es\",\"@id\":\"https:\/\/www.svecorp.com\/es\/#\/schema\/logo\/image\/\",\"url\":\"https:\/\/www.svecorp.com\/wp-content\/uploads\/2023\/02\/logo-sve.png\",\"contentUrl\":\"https:\/\/www.svecorp.com\/wp-content\/uploads\/2023\/02\/logo-sve.png\",\"width\":150,\"height\":100,\"caption\":\"SVE Corp.\"},\"image\":{\"@id\":\"https:\/\/www.svecorp.com\/es\/#\/schema\/logo\/image\/\"}}]}<\/script>\n<!-- \/ Yoast SEO plugin. -->","yoast_head_json":{"title":"Pol\u00edtica de calidad - SVE","description":"S.V.E, S.L se dedica al \u201cDise\u00f1o, desarrollo, fabricaci\u00f3n y venta de productos de control para equipos de generaci\u00f3n y bombeo\"","robots":{"index":"index","follow":"follow","max-snippet":"max-snippet:-1","max-image-preview":"max-image-preview:large","max-video-preview":"max-video-preview:-1"},"canonical":"https:\/\/www.svecorp.com\/es\/politica-de-calidad\/","og_locale":"es_ES","og_type":"article","og_title":"Pol\u00edtica de calidad - SVE","og_description":"S.V.E, S.L se dedica al \u201cDise\u00f1o, desarrollo, fabricaci\u00f3n y venta de productos de control para equipos de generaci\u00f3n y bombeo\"","og_url":"https:\/\/www.svecorp.com\/es\/politica-de-calidad\/","og_site_name":"SVE","article_modified_time":"2025-01-09T09:20:36+00:00","og_image":[{"width":500,"height":500,"url":"https:\/\/www.svecorp.com\/wp-content\/uploads\/2023\/12\/minano.jpg","type":"image\/jpeg"}],"twitter_card":"summary_large_image","twitter_misc":{"Tiempo de lectura":"3 minutos"},"schema":{"@context":"https:\/\/schema.org","@graph":[{"@type":"WebPage","@id":"https:\/\/www.svecorp.com\/es\/politica-de-calidad\/","url":"https:\/\/www.svecorp.com\/es\/politica-de-calidad\/","name":"Pol\u00edtica de calidad - SVE","isPartOf":{"@id":"https:\/\/www.svecorp.com\/es\/#website"},"primaryImageOfPage":{"@id":"https:\/\/www.svecorp.com\/es\/politica-de-calidad\/#primaryimage"},"image":{"@id":"https:\/\/www.svecorp.com\/es\/politica-de-calidad\/#primaryimage"},"thumbnailUrl":"https:\/\/www.svecorp.com\/wp-content\/uploads\/2023\/10\/Combinado-ES-pdf.jpg","datePublished":"2018-06-13T14:58:26+00:00","dateModified":"2025-01-09T09:20:36+00:00","description":"S.V.E, S.L se dedica al \u201cDise\u00f1o, desarrollo, fabricaci\u00f3n y venta de productos de control para equipos de generaci\u00f3n y bombeo\"","breadcrumb":{"@id":"https:\/\/www.svecorp.com\/es\/politica-de-calidad\/#breadcrumb"},"inLanguage":"es","potentialAction":[{"@type":"ReadAction","target":["https:\/\/www.svecorp.com\/es\/politica-de-calidad\/"]}]},{"@type":"ImageObject","inLanguage":"es","@id":"https:\/\/www.svecorp.com\/es\/politica-de-calidad\/#primaryimage","url":"https:\/\/www.svecorp.com\/wp-content\/uploads\/2023\/10\/Combinado-ES-pdf.jpg","contentUrl":"https:\/\/www.svecorp.com\/wp-content\/uploads\/2023\/10\/Combinado-ES-pdf.jpg"},{"@type":"BreadcrumbList","@id":"https:\/\/www.svecorp.com\/es\/politica-de-calidad\/#breadcrumb","itemListElement":[{"@type":"ListItem","position":1,"name":"Portada","item":"https:\/\/www.svecorp.com\/es\/"},{"@type":"ListItem","position":2,"name":"Pol\u00edtica de calidad"}]},{"@type":"WebSite","@id":"https:\/\/www.svecorp.com\/es\/#website","url":"https:\/\/www.svecorp.com\/es\/","name":"SVE","description":"Safely improving control","publisher":{"@id":"https:\/\/www.svecorp.com\/es\/#organization"},"potentialAction":[{"@type":"SearchAction","target":{"@type":"EntryPoint","urlTemplate":"https:\/\/www.svecorp.com\/es\/?s={search_term_string}"},"query-input":{"@type":"PropertyValueSpecification","valueRequired":true,"valueName":"search_term_string"}}],"inLanguage":"es"},{"@type":"Organization","@id":"https:\/\/www.svecorp.com\/es\/#organization","name":"SVE Corp.","url":"https:\/\/www.svecorp.com\/es\/","logo":{"@type":"ImageObject","inLanguage":"es","@id":"https:\/\/www.svecorp.com\/es\/#\/schema\/logo\/image\/","url":"https:\/\/www.svecorp.com\/wp-content\/uploads\/2023\/02\/logo-sve.png","contentUrl":"https:\/\/www.svecorp.com\/wp-content\/uploads\/2023\/02\/logo-sve.png","width":150,"height":100,"caption":"SVE Corp."},"image":{"@id":"https:\/\/www.svecorp.com\/es\/#\/schema\/logo\/image\/"}}]}},"_links":{"self":[{"href":"https:\/\/www.svecorp.com\/es\/wp-json\/wp\/v2\/pages\/1073","targetHints":{"allow":["GET"]}}],"collection":[{"href":"https:\/\/www.svecorp.com\/es\/wp-json\/wp\/v2\/pages"}],"about":[{"href":"https:\/\/www.svecorp.com\/es\/wp-json\/wp\/v2\/types\/page"}],"author":[{"embeddable":true,"href":"https:\/\/www.svecorp.com\/es\/wp-json\/wp\/v2\/users\/2"}],"replies":[{"embeddable":true,"href":"https:\/\/www.svecorp.com\/es\/wp-json\/wp\/v2\/comments?post=1073"}],"version-history":[{"count":5,"href":"https:\/\/www.svecorp.com\/es\/wp-json\/wp\/v2\/pages\/1073\/revisions"}],"predecessor-version":[{"id":3392,"href":"https:\/\/www.svecorp.com\/es\/wp-json\/wp\/v2\/pages\/1073\/revisions\/3392"}],"wp:featuredmedia":[{"embeddable":true,"href":"https:\/\/www.svecorp.com\/es\/wp-json\/wp\/v2\/media\/3010"}],"wp:attachment":[{"href":"https:\/\/www.svecorp.com\/es\/wp-json\/wp\/v2\/media?parent=1073"}],"curies":[{"name":"wp","href":"https:\/\/api.w.org\/{rel}","templated":true}]}}