{"id":27,"date":"2017-07-11T09:51:43","date_gmt":"2017-07-11T09:51:43","guid":{"rendered":"http:\/\/www.svecorp.com\/?page_id=27\/"},"modified":"2023-06-22T16:18:46","modified_gmt":"2023-06-22T16:18:46","slug":"about-us","status":"publish","type":"page","link":"https:\/\/www.svecorp.com\/en\/about-us\/","title":{"rendered":"About us"},"content":{"rendered":"<p><iframe loading=\"lazy\" class=\"alignright\" src=\"https:\/\/www.youtube-nocookie.com\/embed\/XPq0fQpoGys?rel=0&amp;controls=0&amp;showinfo=0&amp;autoplay=1&amp;loop=1&amp;modestbranding=1&amp;wmode=transparent&amp;playsinline=1&amp;amb;fs=0\" width=\"560\" height=\"315\" frameborder=\"0\" allowfullscreen=\"allowfullscreen\"><\/iframe><\/p>\n<p>Jatorri , talde etniko, erlijio eta kultura guztietako <strong>gizakiak <\/strong>hemen ongi etorriak dira. <strong>People<\/strong> of all origins, ethnic groups, religions, and cultures are welcome here.\u00a0Aqu\u00ed son bienvenidas las\u00a0<strong>personas<\/strong> de todas procedencias, etnias, religiones y culturas.\u00a0\u6b22\u8fce\u5404\u79cd\u8840\u7edf\uff0c\u79cd\u65cf\uff0c\u5b97\u6559\u548c\u6587\u5316\u7684\u4eba\u6765\u8fd9\u91cc. Chez nous sont les bienvenues les <strong>personnes<\/strong> de toutes origines, ethnies, religions et cultures.\u00a0 \u062d\u0628 \u0628\u0627<strong>\u0644\u0623\u0634\u062e\u0627\u0635<\/strong> \u0645\u0646 \u062c\u0645\u064a\u0639 \u0627\u0644\u0623\u0635\u0648\u0644 \u0648\u0627\u0644\u0645\u062c\u0645\u0648\u0639\u0627\u062a \u0627\u0644\u0639\u0631\u0642\u064a\u0629 \u0648\u0627\u0644\u0623\u062f\u064a\u0627\u0646 \u0648\u0627\u0644\u062b\u0642\u0627\u0641\u0627\u062a \u0647\u0646\u0627. T\u00fcm k\u00f6kenlerden, etnik gruplardan, dinlerden ve k\u00fclt\u00fcrlerden <strong>insanlar<\/strong> burada ho\u015f kar\u015f\u0131lan\u0131rlar. Qui sono benvenute <strong>persone<\/strong> di tutte le origini, gruppi etnici, religioni e culture.\u00a0\u00a0Aqu\u00ed\u00a0s\u00e3o bem-vindas <strong>pessoas<\/strong> de todas as origens, grupos \u00e9tnicos, religi\u00f5es e culturas.<\/p>\n<h2>COMPANY<\/h2>\n<p>Since its creation in 1982 <strong>SVE Corp<\/strong>.\u00a0 has offered <strong>innovation, knowledge and guaranteed products and services<\/strong> to the international market, driving the development of solutions that evolve to satisfy new demands of management, control and communication of the <strong>industry 4.0<\/strong><\/p>\n<p><strong>SVE Corp.<\/strong>\u00a0considers <strong>innovation <\/strong>to be a key element of its business and invests at least 12% of its annual revenue in <strong>R&amp;D&amp;i.<\/strong><\/p>\n<p><strong>SVE Corp.<\/strong> maintains stable business transactions in the UK, France, Italy, Morocco, Australia, Uruguay, Mexico, Portugal and Spain.<\/p>\n<p><strong>SVE<\/strong> <strong>Corp.<\/strong> collaborates both with relevant companies and institutions and is open to new relationships with both public and private organizations in order to promote entrepreneurial, technological, commercial and other developments of mutual benefit. Our main mission is <span style=\"color: #ff0000;\"><strong>long term value creation<\/strong><\/span> in terms of solutions and advantages for our clients, as well as the consolidation of stable relationships with strategic suppliers.<\/p>\n<div>\n<h2>POLICY OF CORPORATE RESPONSIBILITY<\/h2>\n<p><strong>SVE<\/strong> <strong>Corp<\/strong>. considers its corporate responsibility to have a <strong>s<\/strong>trategic function that pursues<strong> sustainability, competitiveness and the reputation <\/strong>of our company, and creates long-term value for all interested parties and for society itself\u00a0<span style=\"color: #ff0000;\"><strong> as a human collective.<\/strong><\/span><\/p>\n<\/div>\n","protected":false},"excerpt":{"rendered":"<p>Jatorri , talde etniko, erlijio eta kultura guztietako gizakiak hemen ongi etorriak dira. People of all origins, ethnic groups, religions, and cultures are welcome here.\u00a0Aqu\u00ed [&hellip;]<\/p>\n","protected":false},"author":1,"featured_media":0,"parent":0,"menu_order":0,"comment_status":"closed","ping_status":"closed","template":"","meta":{"_acf_changed":false,"footnotes":""},"class_list":["post-27","page","type-page","status-publish","hentry"],"acf":[],"yoast_head":"<!-- This site is optimized with the Yoast SEO plugin v26.7 - https:\/\/yoast.com\/wordpress\/plugins\/seo\/ -->\n<title>SVE Corp. About us<\/title>\n<meta name=\"description\" content=\"SVE Corp. considers innovation to be a key element; while the long term value creation for the human collective is it\u00b4s mission.\" \/>\n<meta name=\"robots\" content=\"index, follow, max-snippet:-1, max-image-preview:large, max-video-preview:-1\" \/>\n<link rel=\"canonical\" href=\"https:\/\/www.svecorp.com\/en\/about-us\/\" \/>\n<meta property=\"og:locale\" content=\"en_US\" \/>\n<meta property=\"og:type\" content=\"article\" \/>\n<meta property=\"og:title\" content=\"SVE Corp. About us\" \/>\n<meta property=\"og:description\" content=\"SVE Corp. considers innovation to be a key element; while the long term value creation for the human collective is it\u00b4s mission.\" \/>\n<meta property=\"og:url\" content=\"https:\/\/www.svecorp.com\/en\/about-us\/\" \/>\n<meta property=\"og:site_name\" content=\"SVE\" \/>\n<meta property=\"article:modified_time\" content=\"2023-06-22T16:18:46+00:00\" \/>\n<meta property=\"og:image\" content=\"https:\/\/www.svecorp.com\/wp-content\/uploads\/2023\/12\/minano.jpg\" \/>\n\t<meta property=\"og:image:width\" content=\"500\" \/>\n\t<meta property=\"og:image:height\" content=\"500\" \/>\n\t<meta property=\"og:image:type\" content=\"image\/jpeg\" \/>\n<meta name=\"twitter:card\" content=\"summary_large_image\" \/>\n<meta name=\"twitter:label1\" content=\"Est. reading time\" \/>\n\t<meta name=\"twitter:data1\" content=\"1 minute\" \/>\n<script type=\"application\/ld+json\" class=\"yoast-schema-graph\">{\"@context\":\"https:\/\/schema.org\",\"@graph\":[{\"@type\":\"WebPage\",\"@id\":\"https:\/\/www.svecorp.com\/en\/about-us\/\",\"url\":\"https:\/\/www.svecorp.com\/en\/about-us\/\",\"name\":\"SVE Corp. About us\",\"isPartOf\":{\"@id\":\"https:\/\/www.svecorp.com\/en\/#website\"},\"datePublished\":\"2017-07-11T09:51:43+00:00\",\"dateModified\":\"2023-06-22T16:18:46+00:00\",\"description\":\"SVE Corp. considers innovation to be a key element; while the long term value creation for the human collective is it\u00b4s mission.\",\"breadcrumb\":{\"@id\":\"https:\/\/www.svecorp.com\/en\/about-us\/#breadcrumb\"},\"inLanguage\":\"en-US\",\"potentialAction\":[{\"@type\":\"ReadAction\",\"target\":[\"https:\/\/www.svecorp.com\/en\/about-us\/\"]}]},{\"@type\":\"BreadcrumbList\",\"@id\":\"https:\/\/www.svecorp.com\/en\/about-us\/#breadcrumb\",\"itemListElement\":[{\"@type\":\"ListItem\",\"position\":1,\"name\":\"Portada\",\"item\":\"https:\/\/www.svecorp.com\/en\/\"},{\"@type\":\"ListItem\",\"position\":2,\"name\":\"About us\"}]},{\"@type\":\"WebSite\",\"@id\":\"https:\/\/www.svecorp.com\/en\/#website\",\"url\":\"https:\/\/www.svecorp.com\/en\/\",\"name\":\"SVE\",\"description\":\"Safely improving control\",\"publisher\":{\"@id\":\"https:\/\/www.svecorp.com\/en\/#organization\"},\"potentialAction\":[{\"@type\":\"SearchAction\",\"target\":{\"@type\":\"EntryPoint\",\"urlTemplate\":\"https:\/\/www.svecorp.com\/en\/?s={search_term_string}\"},\"query-input\":{\"@type\":\"PropertyValueSpecification\",\"valueRequired\":true,\"valueName\":\"search_term_string\"}}],\"inLanguage\":\"en-US\"},{\"@type\":\"Organization\",\"@id\":\"https:\/\/www.svecorp.com\/en\/#organization\",\"name\":\"SVE Corp.\",\"url\":\"https:\/\/www.svecorp.com\/en\/\",\"logo\":{\"@type\":\"ImageObject\",\"inLanguage\":\"en-US\",\"@id\":\"https:\/\/www.svecorp.com\/en\/#\/schema\/logo\/image\/\",\"url\":\"https:\/\/www.svecorp.com\/wp-content\/uploads\/2023\/02\/logo-sve.png\",\"contentUrl\":\"https:\/\/www.svecorp.com\/wp-content\/uploads\/2023\/02\/logo-sve.png\",\"width\":150,\"height\":100,\"caption\":\"SVE Corp.\"},\"image\":{\"@id\":\"https:\/\/www.svecorp.com\/en\/#\/schema\/logo\/image\/\"}}]}<\/script>\n<!-- \/ Yoast SEO plugin. -->","yoast_head_json":{"title":"SVE Corp. About us","description":"SVE Corp. considers innovation to be a key element; while the long term value creation for the human collective is it\u00b4s mission.","robots":{"index":"index","follow":"follow","max-snippet":"max-snippet:-1","max-image-preview":"max-image-preview:large","max-video-preview":"max-video-preview:-1"},"canonical":"https:\/\/www.svecorp.com\/en\/about-us\/","og_locale":"en_US","og_type":"article","og_title":"SVE Corp. About us","og_description":"SVE Corp. considers innovation to be a key element; while the long term value creation for the human collective is it\u00b4s mission.","og_url":"https:\/\/www.svecorp.com\/en\/about-us\/","og_site_name":"SVE","article_modified_time":"2023-06-22T16:18:46+00:00","og_image":[{"width":500,"height":500,"url":"https:\/\/www.svecorp.com\/wp-content\/uploads\/2023\/12\/minano.jpg","type":"image\/jpeg"}],"twitter_card":"summary_large_image","twitter_misc":{"Est. reading time":"1 minute"},"schema":{"@context":"https:\/\/schema.org","@graph":[{"@type":"WebPage","@id":"https:\/\/www.svecorp.com\/en\/about-us\/","url":"https:\/\/www.svecorp.com\/en\/about-us\/","name":"SVE Corp. About us","isPartOf":{"@id":"https:\/\/www.svecorp.com\/en\/#website"},"datePublished":"2017-07-11T09:51:43+00:00","dateModified":"2023-06-22T16:18:46+00:00","description":"SVE Corp. considers innovation to be a key element; while the long term value creation for the human collective is it\u00b4s mission.","breadcrumb":{"@id":"https:\/\/www.svecorp.com\/en\/about-us\/#breadcrumb"},"inLanguage":"en-US","potentialAction":[{"@type":"ReadAction","target":["https:\/\/www.svecorp.com\/en\/about-us\/"]}]},{"@type":"BreadcrumbList","@id":"https:\/\/www.svecorp.com\/en\/about-us\/#breadcrumb","itemListElement":[{"@type":"ListItem","position":1,"name":"Portada","item":"https:\/\/www.svecorp.com\/en\/"},{"@type":"ListItem","position":2,"name":"About us"}]},{"@type":"WebSite","@id":"https:\/\/www.svecorp.com\/en\/#website","url":"https:\/\/www.svecorp.com\/en\/","name":"SVE","description":"Safely improving control","publisher":{"@id":"https:\/\/www.svecorp.com\/en\/#organization"},"potentialAction":[{"@type":"SearchAction","target":{"@type":"EntryPoint","urlTemplate":"https:\/\/www.svecorp.com\/en\/?s={search_term_string}"},"query-input":{"@type":"PropertyValueSpecification","valueRequired":true,"valueName":"search_term_string"}}],"inLanguage":"en-US"},{"@type":"Organization","@id":"https:\/\/www.svecorp.com\/en\/#organization","name":"SVE Corp.","url":"https:\/\/www.svecorp.com\/en\/","logo":{"@type":"ImageObject","inLanguage":"en-US","@id":"https:\/\/www.svecorp.com\/en\/#\/schema\/logo\/image\/","url":"https:\/\/www.svecorp.com\/wp-content\/uploads\/2023\/02\/logo-sve.png","contentUrl":"https:\/\/www.svecorp.com\/wp-content\/uploads\/2023\/02\/logo-sve.png","width":150,"height":100,"caption":"SVE Corp."},"image":{"@id":"https:\/\/www.svecorp.com\/en\/#\/schema\/logo\/image\/"}}]}},"_links":{"self":[{"href":"https:\/\/www.svecorp.com\/en\/wp-json\/wp\/v2\/pages\/27","targetHints":{"allow":["GET"]}}],"collection":[{"href":"https:\/\/www.svecorp.com\/en\/wp-json\/wp\/v2\/pages"}],"about":[{"href":"https:\/\/www.svecorp.com\/en\/wp-json\/wp\/v2\/types\/page"}],"author":[{"embeddable":true,"href":"https:\/\/www.svecorp.com\/en\/wp-json\/wp\/v2\/users\/1"}],"replies":[{"embeddable":true,"href":"https:\/\/www.svecorp.com\/en\/wp-json\/wp\/v2\/comments?post=27"}],"version-history":[{"count":0,"href":"https:\/\/www.svecorp.com\/en\/wp-json\/wp\/v2\/pages\/27\/revisions"}],"wp:attachment":[{"href":"https:\/\/www.svecorp.com\/en\/wp-json\/wp\/v2\/media?parent=27"}],"curies":[{"name":"wp","href":"https:\/\/api.w.org\/{rel}","templated":true}]}}