{"id":2138,"date":"2022-04-20T10:33:03","date_gmt":"2022-04-20T10:33:03","guid":{"rendered":"http:\/\/www.svecorp.com\/politica-de-cookies\/"},"modified":"2022-04-20T12:43:15","modified_gmt":"2022-04-20T12:43:15","slug":"cookie-policy","status":"publish","type":"page","link":"https:\/\/www.svecorp.com\/en\/cookie-policy\/","title":{"rendered":"Cookie policy"},"content":{"rendered":"<p>Identificaci\u00f3n de nuestra empresa:<\/p>\n<p><strong>SVE S.L.<\/strong><br \/>\n<strong>Albert Einstein 36-B,<\/strong><br \/>\n<strong>Parque Tecnol\u00f3gico de Alava<\/strong><br \/>\n<strong>01510 Vitoria-Gasteiz<\/strong><br \/>\n<strong>Espa\u00f1a \/ Spain<\/strong><br \/>\n<strong>+34 943 77 00 35<\/strong><br \/>\n<strong>NIF: B20071510<\/strong><br \/>\n<strong>svecorp@svecorp.com<\/strong><\/p>\n<p><span style=\"font-weight: 400;\">This website uses cookies and\/or similar technologies that store and retrieve information when you browse. In general, these technologies can serve very diverse purposes, such as, for example, recognizing you as a user, obtaining information about your browsing habits, or personalizing the way content is displayed. The specific uses we make of these technologies are described below.<\/span><\/p>\n<p><strong>What are cookies?<\/strong><\/p>\n<p>Cookies are files that can be downloaded to a computer through web pages. They are tools that play an essential role in the provision of numerous information society services. Among others, they allow a website to store and retrieve information about the browsing habits of a user or their equipment and, depending on the information obtained, they can be used to recognize the user and improve the service offered.<\/p>\n<p><strong>Types of cookies that exist<\/strong><\/p>\n<p><span style=\"font-weight: 400;\">Two types of cookies can be distinguished, depending on who is the entity that manages the computer or domain from which the cookies are sent and processes the data obtained:\u00a0<\/span><\/p>\n<ul>\n<li style=\"font-weight: 400;\" aria-level=\"1\"><b>Own cookies:<\/b><span style=\"font-weight: 400;\"> those that are sent to the user&#8217;s terminal equipment from a computer or domain managed by the editor itself and from which the service requested by the user is provided.<\/span><\/li>\n<li style=\"font-weight: 400;\" aria-level=\"1\"><b>Third party cookies: <\/b>those that are sent to the user&#8217;s terminal equipment from a computer or domain that is not managed by the publisher, but by another entity that processes the data obtained through cookies<span style=\"font-weight: 400;\">.<\/span><\/li>\n<\/ul>\n<p><span style=\"font-weight: 400;\">In addition, we speak of <strong>session cookies<\/strong> or <strong>permanent cookies<\/strong>, when it comes to the period of time that they remain stored in the client&#8217;s browser.<\/span><\/p>\n<ul>\n<li style=\"font-weight: 400;\" aria-level=\"1\"><span style=\"font-weight: 400;\"><strong>Session cookies<\/strong>: are those designed to collect and store data while the user accesses a web page.<\/span><\/li>\n<li style=\"font-weight: 400;\" aria-level=\"1\"><span style=\"font-weight: 400;\"><strong>Persistent cookies<\/strong>: are those in which the data is still stored in the terminal and can be accessed and processed for a period defined by the person responsible for the cookie, and which can range from a few minutes to several years.<\/span><\/li>\n<\/ul>\n<p><span style=\"font-weight: 400;\">Finally, there is another classification with four types of cookies according to the purpose for which the data obtained is processed: technical cookies, personalization cookies, analysis cookies, behavioral advertising cookies.<\/span><\/p>\n<ul>\n<li style=\"font-weight: 400;\" aria-level=\"1\"><span style=\"font-weight: 400;\"><strong>Technical Cookies<\/strong>: These are those Cookies that are strictly necessary for browsing the Website, since they make it easier for the user to use its features or tools, such as, for example, identifying the session, accessing restricted access parts, storing content for the dissemination of videos or sound, configure the language, among others. The deactivation of these cookies prevents the correct functioning of some of the functionalities of the web.<\/span><\/li>\n<li style=\"font-weight: 400;\" aria-level=\"1\"><span style=\"font-weight: 400;\"><strong>Preference or personalization cookies<\/strong>: are those that allow the user to remember information so that the user accesses the service with certain characteristics that can differentiate their experience from that of other users, such as, for example, the language, the number of results to be displayed when the user performs a search, the appearance or content of the service based on the type of browser through which the user accesses the service or the region from which the user accesses the service, etc.\u00a0<\/span><\/li>\n<li style=\"font-weight: 400;\" aria-level=\"1\"><span style=\"font-weight: 400;\"><strong>Analysis or measurement cookies<\/strong>: These are those Cookies that allow the person responsible for them to monitor and analyze the behavior of the users of the web pages to which they are linked. The information collected through this type of cookie is used to measure the activity of the website and to create user browsing profiles, in order to introduce improvements based on the analysis of the usage data made by users. from service.<\/span><\/li>\n<li><strong>Behavioral advertising cookies<\/strong>: are those that store information on the behavior of users obtained through the continuous observation of their browsing habits, which allows the development of a specific profile to display advertising based on it. These cookies obtain information on user navigation to manage advertising spaces and offer more relevant and quality content for the user based on an analysis of their tastes and preferences.<\/li>\n<\/ul>\n<p>In short, through web analytics, information is obtained regarding the number of users who access the web, the number of pages viewed, the frequency and repetition of visits, their duration, the browser used, the operator that provides the service , the language, the terminal you use, or the city to which your IP address is assigned. This information enables a better and more appropriate service by this website.<\/p>\n<p><strong>Types of cookies used on this page<\/strong><\/p>\n<ul>\n<li aria-level=\"1\"><span style=\"font-weight: 400;\"><strong>Technical Cookies<\/strong><\/span><\/li>\n<\/ul>\n<table>\n<tbody>\n<tr>\n<td><b>COOKIE NAME<\/b><\/td>\n<td><b>PURPOSE<\/b><\/td>\n<td><b>TYPE<\/b><\/td>\n<td><b>OWNERSHIP<\/b><\/td>\n<td><b>DURATION<\/b><\/td>\n<\/tr>\n<tr>\n<td><span style=\"font-weight: 400;\">PHPSESSID<\/span><\/td>\n<td><span style=\"font-weight: 400;\">This cookie is the one provided by PHP and is intended to identify the sessions to differentiate the sessions of the different users. This cookie is essential (strictly necessary) to provide the services provided on the web.<\/span><\/td>\n<td><span style=\"font-weight: 400;\">Technical Cookie<\/span><\/td>\n<td>Of the entity itself<\/td>\n<td><span style=\"font-weight: 400;\">Session<\/span><\/td>\n<\/tr>\n<tr>\n<td><span style=\"font-weight: 400;\">_icl_current_language<\/span><\/td>\n<td><span style=\"font-weight: 400;\">This cookie is the one provided by PHP and is intended to identify the sessions to differentiate the sessions of the different users. This cookie is essential (strictly necessary) to provide the services provided on the web.<\/span><\/td>\n<td><span style=\"font-weight: 400;\">Technical Cookie<\/span><\/td>\n<td>Of the entity itself<\/td>\n<td><\/td>\n<\/tr>\n<\/tbody>\n<\/table>\n<ul>\n<li aria-level=\"1\"><strong>Analytical cookies<\/strong><\/li>\n<\/ul>\n<p>&nbsp;<\/p>\n<table>\n<tbody>\n<tr>\n<td><b>NOMBRE COOKIE<\/b><\/td>\n<td><b>FINALIDAD<\/b><\/td>\n<td><b>TIPO<\/b><\/td>\n<td><b>TITULARIDAD<\/b><\/td>\n<td><b>DURACI\u00d3N<\/b><\/td>\n<\/tr>\n<tr>\n<td><span style=\"font-weight: 400;\">_gid<\/span><\/td>\n<td><span style=\"font-weight: 400;\">Differentiate users.<\/span><\/td>\n<td><span style=\"font-weight: 400;\">Analytical cookie<\/span><\/td>\n<td><a href=\"https:\/\/policies.google.com\/technologies\/cookies?hl=es\"><span style=\"font-weight: 400;\">Google<\/span><\/a><span style=\"font-weight: 400;\"> (Google Analytics)<\/span><\/td>\n<td><span style=\"font-weight: 400;\">Permanent (24 hours)<\/span><\/td>\n<\/tr>\n<tr>\n<td><span style=\"font-weight: 400;\">_ga<\/span><\/td>\n<td><span style=\"font-weight: 400;\">Its function is to control unique visits. The first time that user-a accesses the web through a browser, this cookie will be installed. When this user-a re-enters the network with the same browser, the cookie will take into account that it is the same user. Only in the event that the user changes browser, it will understand if it were another user-a.<\/span><\/td>\n<td><span style=\"font-weight: 400;\">Analytical cookie<\/span><\/td>\n<td><a href=\"https:\/\/policies.google.com\/technologies\/cookies?hl=es\"><span style=\"font-weight: 400;\">Google<\/span><\/a><span style=\"font-weight: 400;\"> (Google Analytics)<\/span><\/td>\n<td><span style=\"font-weight: 400;\">Permanent (2 years)<\/span><\/td>\n<\/tr>\n<tr>\n<td><span style=\"font-weight: 400;\">_gat\u00a0\u00a0<\/span><\/td>\n<td><span style=\"font-weight: 400;\"><span>Limit the percentage of orders<\/span>.<\/span><\/td>\n<td><span style=\"font-weight: 400;\">Analytical cookie<\/span><\/td>\n<td><a href=\"https:\/\/policies.google.com\/technologies\/cookies?hl=es\"><span style=\"font-weight: 400;\">Google<\/span><\/a><span style=\"font-weight: 400;\"> (Google Analytics)<\/span><\/td>\n<td><span style=\"font-weight: 400;\">1 minute<\/span><\/td>\n<\/tr>\n<\/tbody>\n<\/table>\n<p><strong>Consent and cookie settings<\/strong><\/p>\n<p><span style=\"font-weight: 400;\">If you do not agree that the &#8220;cookies&#8221; described can collect the aforementioned information, you can reject their installation in the cookie configuration panel of this website. This panel is accessible from the Cookie Acceptance\/Configuration pop-up window the first time you access the web.<\/span><\/p>\n<p>Likewise, browsers have their own tools to generally block &#8220;cookies&#8221; from different web pages. In the following links you can see how to configure these options in the most common browsers<\/p>\n<ul>\n<li><a href=\"https:\/\/support.google.com\/chrome\/answer\/95647?hl=en\">Google Chrome<\/a><\/li>\n<li><a href=\"https:\/\/support.microsoft.com\/en-us\/windows\/delete-and-manage-cookies-168dab11-0753-043d-7c16-ede5947fc64d#ie=ie-11-win-7\"><span style=\"font-weight: 400;\">Internet Explorer<\/span><\/a><\/li>\n<li><a href=\"https:\/\/support.mozilla.org\/es\/kb\/habilitar-y-deshabilitar-cookies-sitios-web-rastrear-preferencias\"><span style=\"font-weight: 400;\">Mozilla Firefox<\/span><\/a><\/li>\n<li><a href=\"https:\/\/support.apple.com\/en-us\/HT201265\">Safari for IPhone, IPad, IPod<\/a><\/li>\n<li><a href=\"https:\/\/help.opera.com\/en\/latest\/web-preferences\/#cookies\">Opera<\/a><\/li>\n<\/ul>\n<p>In the case of mobile devices, it is also common for the browser to have these options in the Settings section.<\/p>\n<p><strong>Expand information and exercises of rights<\/strong><\/p>\n<p><span style=\"font-weight: 400;\">This Cookies Policy may be modified based on new legal requirements or in order to adapt said policy to the instructions issued by the Control Authorities, so users are advised to visit it periodically.\u00a0<\/span><\/p>\n<p>If the user wishes to make any queries about the Cookies Policy of the Website, they can contact the following address <strong>svecorp@svecorp.com<\/strong>.<\/p>\n<p><span style=\"font-weight: 400;\">You can consult information about the processing of your personal data in our <a href=\"https:\/\/www.svecorp.com\/en\/privacy-policy\/\">Privacy Policy<\/a>.<\/span><\/p>\n","protected":false},"excerpt":{"rendered":"<p>Identificaci\u00f3n de nuestra empresa: SVE S.L. Albert Einstein 36-B, Parque Tecnol\u00f3gico de Alava 01510 Vitoria-Gasteiz Espa\u00f1a \/ Spain +34 943 77 00 35 NIF: B20071510 [&hellip;]<\/p>\n","protected":false},"author":1,"featured_media":0,"parent":0,"menu_order":0,"comment_status":"closed","ping_status":"closed","template":"","meta":{"_acf_changed":false,"footnotes":""},"class_list":["post-2138","page","type-page","status-publish","hentry"],"acf":[],"yoast_head":"<!-- This site is optimized with the Yoast SEO plugin v26.7 - https:\/\/yoast.com\/wordpress\/plugins\/seo\/ -->\n<title>Cookie policy - SVE<\/title>\n<meta name=\"robots\" content=\"index, follow, max-snippet:-1, max-image-preview:large, max-video-preview:-1\" \/>\n<link rel=\"canonical\" href=\"https:\/\/www.svecorp.com\/en\/cookie-policy\/\" \/>\n<meta property=\"og:locale\" content=\"en_US\" \/>\n<meta property=\"og:type\" content=\"article\" \/>\n<meta property=\"og:title\" content=\"Cookie policy - SVE\" \/>\n<meta property=\"og:description\" content=\"Identificaci\u00f3n de nuestra empresa: SVE S.L. Albert Einstein 36-B, Parque Tecnol\u00f3gico de Alava 01510 Vitoria-Gasteiz Espa\u00f1a \/ Spain +34 943 77 00 35 NIF: B20071510 [&hellip;]\" \/>\n<meta property=\"og:url\" content=\"https:\/\/www.svecorp.com\/en\/cookie-policy\/\" \/>\n<meta property=\"og:site_name\" content=\"SVE\" \/>\n<meta property=\"article:modified_time\" content=\"2022-04-20T12:43:15+00:00\" \/>\n<meta property=\"og:image\" content=\"https:\/\/www.svecorp.com\/wp-content\/uploads\/2023\/12\/minano.jpg\" \/>\n\t<meta property=\"og:image:width\" content=\"500\" \/>\n\t<meta property=\"og:image:height\" content=\"500\" \/>\n\t<meta property=\"og:image:type\" content=\"image\/jpeg\" \/>\n<meta name=\"twitter:card\" content=\"summary_large_image\" \/>\n<meta name=\"twitter:label1\" content=\"Est. reading time\" \/>\n\t<meta name=\"twitter:data1\" content=\"6 minutes\" \/>\n<script type=\"application\/ld+json\" class=\"yoast-schema-graph\">{\"@context\":\"https:\/\/schema.org\",\"@graph\":[{\"@type\":\"WebPage\",\"@id\":\"https:\/\/www.svecorp.com\/en\/cookie-policy\/\",\"url\":\"https:\/\/www.svecorp.com\/en\/cookie-policy\/\",\"name\":\"Cookie policy - SVE\",\"isPartOf\":{\"@id\":\"https:\/\/www.svecorp.com\/en\/#website\"},\"datePublished\":\"2022-04-20T10:33:03+00:00\",\"dateModified\":\"2022-04-20T12:43:15+00:00\",\"breadcrumb\":{\"@id\":\"https:\/\/www.svecorp.com\/en\/cookie-policy\/#breadcrumb\"},\"inLanguage\":\"en-US\",\"potentialAction\":[{\"@type\":\"ReadAction\",\"target\":[\"https:\/\/www.svecorp.com\/en\/cookie-policy\/\"]}]},{\"@type\":\"BreadcrumbList\",\"@id\":\"https:\/\/www.svecorp.com\/en\/cookie-policy\/#breadcrumb\",\"itemListElement\":[{\"@type\":\"ListItem\",\"position\":1,\"name\":\"Portada\",\"item\":\"https:\/\/www.svecorp.com\/en\/\"},{\"@type\":\"ListItem\",\"position\":2,\"name\":\"Cookie policy\"}]},{\"@type\":\"WebSite\",\"@id\":\"https:\/\/www.svecorp.com\/en\/#website\",\"url\":\"https:\/\/www.svecorp.com\/en\/\",\"name\":\"SVE\",\"description\":\"Safely improving control\",\"publisher\":{\"@id\":\"https:\/\/www.svecorp.com\/en\/#organization\"},\"potentialAction\":[{\"@type\":\"SearchAction\",\"target\":{\"@type\":\"EntryPoint\",\"urlTemplate\":\"https:\/\/www.svecorp.com\/en\/?s={search_term_string}\"},\"query-input\":{\"@type\":\"PropertyValueSpecification\",\"valueRequired\":true,\"valueName\":\"search_term_string\"}}],\"inLanguage\":\"en-US\"},{\"@type\":\"Organization\",\"@id\":\"https:\/\/www.svecorp.com\/en\/#organization\",\"name\":\"SVE Corp.\",\"url\":\"https:\/\/www.svecorp.com\/en\/\",\"logo\":{\"@type\":\"ImageObject\",\"inLanguage\":\"en-US\",\"@id\":\"https:\/\/www.svecorp.com\/en\/#\/schema\/logo\/image\/\",\"url\":\"https:\/\/www.svecorp.com\/wp-content\/uploads\/2023\/02\/logo-sve.png\",\"contentUrl\":\"https:\/\/www.svecorp.com\/wp-content\/uploads\/2023\/02\/logo-sve.png\",\"width\":150,\"height\":100,\"caption\":\"SVE Corp.\"},\"image\":{\"@id\":\"https:\/\/www.svecorp.com\/en\/#\/schema\/logo\/image\/\"}}]}<\/script>\n<!-- \/ Yoast SEO plugin. -->","yoast_head_json":{"title":"Cookie policy - SVE","robots":{"index":"index","follow":"follow","max-snippet":"max-snippet:-1","max-image-preview":"max-image-preview:large","max-video-preview":"max-video-preview:-1"},"canonical":"https:\/\/www.svecorp.com\/en\/cookie-policy\/","og_locale":"en_US","og_type":"article","og_title":"Cookie policy - SVE","og_description":"Identificaci\u00f3n de nuestra empresa: SVE S.L. Albert Einstein 36-B, Parque Tecnol\u00f3gico de Alava 01510 Vitoria-Gasteiz Espa\u00f1a \/ Spain +34 943 77 00 35 NIF: B20071510 [&hellip;]","og_url":"https:\/\/www.svecorp.com\/en\/cookie-policy\/","og_site_name":"SVE","article_modified_time":"2022-04-20T12:43:15+00:00","og_image":[{"width":500,"height":500,"url":"https:\/\/www.svecorp.com\/wp-content\/uploads\/2023\/12\/minano.jpg","type":"image\/jpeg"}],"twitter_card":"summary_large_image","twitter_misc":{"Est. reading time":"6 minutes"},"schema":{"@context":"https:\/\/schema.org","@graph":[{"@type":"WebPage","@id":"https:\/\/www.svecorp.com\/en\/cookie-policy\/","url":"https:\/\/www.svecorp.com\/en\/cookie-policy\/","name":"Cookie policy - SVE","isPartOf":{"@id":"https:\/\/www.svecorp.com\/en\/#website"},"datePublished":"2022-04-20T10:33:03+00:00","dateModified":"2022-04-20T12:43:15+00:00","breadcrumb":{"@id":"https:\/\/www.svecorp.com\/en\/cookie-policy\/#breadcrumb"},"inLanguage":"en-US","potentialAction":[{"@type":"ReadAction","target":["https:\/\/www.svecorp.com\/en\/cookie-policy\/"]}]},{"@type":"BreadcrumbList","@id":"https:\/\/www.svecorp.com\/en\/cookie-policy\/#breadcrumb","itemListElement":[{"@type":"ListItem","position":1,"name":"Portada","item":"https:\/\/www.svecorp.com\/en\/"},{"@type":"ListItem","position":2,"name":"Cookie policy"}]},{"@type":"WebSite","@id":"https:\/\/www.svecorp.com\/en\/#website","url":"https:\/\/www.svecorp.com\/en\/","name":"SVE","description":"Safely improving control","publisher":{"@id":"https:\/\/www.svecorp.com\/en\/#organization"},"potentialAction":[{"@type":"SearchAction","target":{"@type":"EntryPoint","urlTemplate":"https:\/\/www.svecorp.com\/en\/?s={search_term_string}"},"query-input":{"@type":"PropertyValueSpecification","valueRequired":true,"valueName":"search_term_string"}}],"inLanguage":"en-US"},{"@type":"Organization","@id":"https:\/\/www.svecorp.com\/en\/#organization","name":"SVE Corp.","url":"https:\/\/www.svecorp.com\/en\/","logo":{"@type":"ImageObject","inLanguage":"en-US","@id":"https:\/\/www.svecorp.com\/en\/#\/schema\/logo\/image\/","url":"https:\/\/www.svecorp.com\/wp-content\/uploads\/2023\/02\/logo-sve.png","contentUrl":"https:\/\/www.svecorp.com\/wp-content\/uploads\/2023\/02\/logo-sve.png","width":150,"height":100,"caption":"SVE Corp."},"image":{"@id":"https:\/\/www.svecorp.com\/en\/#\/schema\/logo\/image\/"}}]}},"_links":{"self":[{"href":"https:\/\/www.svecorp.com\/en\/wp-json\/wp\/v2\/pages\/2138","targetHints":{"allow":["GET"]}}],"collection":[{"href":"https:\/\/www.svecorp.com\/en\/wp-json\/wp\/v2\/pages"}],"about":[{"href":"https:\/\/www.svecorp.com\/en\/wp-json\/wp\/v2\/types\/page"}],"author":[{"embeddable":true,"href":"https:\/\/www.svecorp.com\/en\/wp-json\/wp\/v2\/users\/1"}],"replies":[{"embeddable":true,"href":"https:\/\/www.svecorp.com\/en\/wp-json\/wp\/v2\/comments?post=2138"}],"version-history":[{"count":0,"href":"https:\/\/www.svecorp.com\/en\/wp-json\/wp\/v2\/pages\/2138\/revisions"}],"wp:attachment":[{"href":"https:\/\/www.svecorp.com\/en\/wp-json\/wp\/v2\/media?parent=2138"}],"curies":[{"name":"wp","href":"https:\/\/api.w.org\/{rel}","templated":true}]}}